{"id":8051,"date":"2016-11-25T13:22:37","date_gmt":"2016-11-25T12:22:37","guid":{"rendered":"http:\/\/gruberebs.de\/wp16\/?page_id=8051&#038;lang=en"},"modified":"2016-11-25T16:16:19","modified_gmt":"2016-11-25T15:16:19","slug":"coditherm-h-pad","status":"publish","type":"page","link":"https:\/\/gruberebs.de\/en\/coditherm-h-pad\/","title":{"rendered":"Coditherm H-Pad"},"content":{"rendered":"<p>[et_pb_section admin_label=&#8221;Sektion&#8221; transparent_background=&#8221;off&#8221; background_color=&#8221;rgba(255,255,255,0)&#8221; allow_player_pause=&#8221;off&#8221; inner_shadow=&#8221;off&#8221; parallax=&#8221;off&#8221; parallax_method=&#8221;on&#8221; padding_mobile=&#8221;off&#8221; make_fullwidth=&#8221;off&#8221; use_custom_width=&#8221;off&#8221; width_unit=&#8221;off&#8221; custom_width_px=&#8221;1080px&#8221; custom_width_percent=&#8221;80%&#8221; make_equal=&#8221;off&#8221; use_custom_gutter=&#8221;off&#8221; fullwidth=&#8221;on&#8221; specialty=&#8221;off&#8221; disabled=&#8221;off&#8221;][et_pb_fullwidth_slider admin_label=&#8221;Vollbreiter Slider&#8221; show_arrows=&#8221;on&#8221; show_pagination=&#8221;on&#8221; auto=&#8221;off&#8221; auto_speed=&#8221;7000&#8243; auto_ignore_hover=&#8221;off&#8221; parallax=&#8221;off&#8221; parallax_method=&#8221;off&#8221; remove_inner_shadow=&#8221;off&#8221; background_position=&#8221;default&#8221; background_size=&#8221;default&#8221; hide_content_on_mobile=&#8221;off&#8221; hide_cta_on_mobile=&#8221;off&#8221; show_image_video_mobile=&#8221;off&#8221; custom_button=&#8221;off&#8221; button_text_size=&#8221;20&#8243; button_letter_spacing=&#8221;0&#8243; button_use_icon=&#8221;default&#8221; button_icon_placement=&#8221;right&#8221; button_on_hover=&#8221;on&#8221; button_letter_spacing_hover=&#8221;0&#8243; disabled=&#8221;off&#8221;] [et_pb_slide button_link=&#8221;#&#8221; background_image=&#8221;https:\/\/gruberebs.de\/wp16\/wp-content\/uploads\/2013\/06\/Slider2_Bild.jpg&#8221; background_position=&#8221;default&#8221; background_size=&#8221;default&#8221; background_color=&#8221;#ffffff&#8221; use_bg_overlay=&#8221;off&#8221; use_text_overlay=&#8221;off&#8221; alignment=&#8221;center&#8221; background_layout=&#8221;dark&#8221; allow_player_pause=&#8221;off&#8221; text_border_radius=&#8221;3&#8243; header_font=&#8221;||||&#8221; body_font=&#8221;||||&#8221; custom_button=&#8221;off&#8221; button_font=&#8221;||||&#8221; button_use_icon=&#8221;default&#8221; button_icon_placement=&#8221;right&#8221; button_on_hover=&#8221;on&#8221; disabled=&#8221;off&#8221;] [\/et_pb_slide][et_pb_slide button_link=&#8221;#&#8221; background_image=&#8221;https:\/\/gruberebs.de\/wp16\/wp-content\/uploads\/2013\/06\/Slider4_Bild.jpg&#8221; background_position=&#8221;default&#8221; background_size=&#8221;default&#8221; background_color=&#8221;#ffffff&#8221; use_bg_overlay=&#8221;off&#8221; use_text_overlay=&#8221;off&#8221; alignment=&#8221;center&#8221; background_layout=&#8221;dark&#8221; allow_player_pause=&#8221;off&#8221; text_border_radius=&#8221;3&#8243; header_font=&#8221;||||&#8221; body_font=&#8221;||||&#8221; custom_button=&#8221;off&#8221; button_font=&#8221;||||&#8221; button_use_icon=&#8221;default&#8221; button_icon_placement=&#8221;right&#8221; button_on_hover=&#8221;on&#8221; disabled=&#8221;off&#8221;] [\/et_pb_slide] [\/et_pb_fullwidth_slider][\/et_pb_section][et_pb_section admin_label=&#8221;section&#8221; transparent_background=&#8221;off&#8221; background_color=&#8221;rgba(255,255,255,0)&#8221; allow_player_pause=&#8221;off&#8221; inner_shadow=&#8221;off&#8221; parallax=&#8221;off&#8221; parallax_method=&#8221;on&#8221; custom_padding=&#8221;||0px|&#8221; padding_mobile=&#8221;off&#8221; make_fullwidth=&#8221;off&#8221; use_custom_width=&#8221;off&#8221; width_unit=&#8221;off&#8221; custom_width_px=&#8221;1080px&#8221; custom_width_percent=&#8221;80%&#8221; make_equal=&#8221;off&#8221; use_custom_gutter=&#8221;off&#8221; fullwidth=&#8221;on&#8221; specialty=&#8221;off&#8221; disabled=&#8221;off&#8221;][et_pb_fullwidth_header admin_label=&#8221;Vollbreite Kopfzeile&#8221; title=&#8221;CODITHERM H-PAD&#8221; background_layout=&#8221;light&#8221; text_orientation=&#8221;center&#8221; header_fullscreen=&#8221;off&#8221; header_scroll_down=&#8221;off&#8221; scroll_down_icon=&#8221;%%3%%&#8221; title_font_color=&#8221;#24989a&#8221; subhead_font_color=&#8221;#000000&#8243; parallax=&#8221;off&#8221; parallax_method=&#8221;off&#8221; content_orientation=&#8221;center&#8221; image_orientation=&#8221;center&#8221; title_font_size=&#8221;42px&#8221; subhead_font_size=&#8221;20px&#8221; content_font_size=&#8221;14px&#8221; custom_button_one=&#8221;off&#8221; button_one_text_size=&#8221;20&#8243; button_one_letter_spacing=&#8221;0&#8243; button_one_use_icon=&#8221;on&#8221; button_one_icon_placement=&#8221;right&#8221; button_one_on_hover=&#8221;on&#8221; button_one_letter_spacing_hover=&#8221;0&#8243; custom_button_two=&#8221;off&#8221; button_two_text_size=&#8221;20&#8243; button_two_letter_spacing=&#8221;0&#8243; button_two_use_icon=&#8221;on&#8221; button_two_icon_placement=&#8221;right&#8221; button_two_on_hover=&#8221;on&#8221; button_two_letter_spacing_hover=&#8221;0&#8243; disabled=&#8221;off&#8221;] [\/et_pb_fullwidth_header][\/et_pb_section][et_pb_section admin_label=&#8221;Sektion&#8221; transparent_background=&#8221;off&#8221; background_color=&#8221;rgba(255,255,255,0)&#8221; allow_player_pause=&#8221;off&#8221; inner_shadow=&#8221;off&#8221; parallax=&#8221;off&#8221; parallax_method=&#8221;on&#8221; custom_padding=&#8221;0px||30px|&#8221; padding_mobile=&#8221;on&#8221; make_fullwidth=&#8221;off&#8221; use_custom_width=&#8221;off&#8221; width_unit=&#8221;off&#8221; custom_width_px=&#8221;1080px&#8221; custom_width_percent=&#8221;80%&#8221; make_equal=&#8221;off&#8221; use_custom_gutter=&#8221;off&#8221; fullwidth=&#8221;off&#8221; specialty=&#8221;on&#8221; parallax_1=&#8221;off&#8221; parallax_2=&#8221;off&#8221; parallax_method_1=&#8221;off&#8221; parallax_method_2=&#8221;off&#8221; disabled=&#8221;off&#8221;][et_pb_column type=&#8221;3_4&#8243; specialty_columns=&#8221;3&#8243;][et_pb_row_inner admin_label=&#8221;row_inner&#8221; custom_padding=&#8221;|||&#8221; custom_padding_tablet=&#8221;||0px|&#8221; padding_mobile=&#8221;off&#8221; use_custom_gutter=&#8221;off&#8221; make_equal=&#8221;off&#8221; column_padding_mobile=&#8221;off&#8221; parallax_1=&#8221;off&#8221; parallax_method_1=&#8221;on&#8221; parallax_2=&#8221;off&#8221; parallax_method_2=&#8221;on&#8221; parallax_3=&#8221;off&#8221; parallax_method_3=&#8221;on&#8221; custom_margin_tablet=&#8221;||30px|&#8221; custom_margin_last_edited=&#8221;on|tablet&#8221; disabled=&#8221;off&#8221;][et_pb_column_inner type=&#8221;1_2&#8243; saved_specialty_column_type=&#8221;3_4&#8243;][et_pb_gallery admin_label=&#8221;Galerie&#8221; gallery_ids=&#8221;7379,7381,7380&#8243; fullwidth=&#8221;on&#8221; posts_number=&#8221;4&#8243; show_title_and_caption=&#8221;on&#8221; show_pagination=&#8221;on&#8221; background_layout=&#8221;light&#8221; auto=&#8221;on&#8221; auto_speed=&#8221;10000&#8243; hover_icon=&#8221;%%28%%&#8221; caption_all_caps=&#8221;off&#8221; use_border_color=&#8221;on&#8221; border_color=&#8221;#20989c&#8221; border_width=&#8221;2px&#8221; border_style=&#8221;solid&#8221; disabled=&#8221;off&#8221;] [\/et_pb_gallery][\/et_pb_column_inner][et_pb_column_inner type=&#8221;1_2&#8243; saved_specialty_column_type=&#8221;3_4&#8243;][et_pb_text admin_label=&#8221;Text&#8221; background_layout=&#8221;light&#8221; text_orientation=&#8221;left&#8221; text_text_color=&#8221;#ffffff&#8221; background_color=&#8221;#24989a&#8221; use_border_color=&#8221;off&#8221; border_style=&#8221;solid&#8221; custom_margin=&#8221;||0px|&#8221; custom_padding=&#8221;20px|30px|20px|23px&#8221; disabled=&#8221;off&#8221;]<\/p>\n<p>Coditherm H-PAD is ideal for printing in recessed areas of structured plastic containers in which the printing area is only slightly smaller than the recess itself and where roller printers cannot be used as a consequence.<br \/>\nThis model has a high-power hot pad transfer device. The pad is operated by a pneumatic piston capable of developing up to 2000 kilograms of force. The ribbon guiding devices around the pad are designed to minimise clearance. The maximum dimensions of the hot pad are 95 x 150 mm.<\/p>\n<p><strong>TECHNICAL SPECIFICATIONS:<br \/>\n<\/strong><\/p>\n<ul>\n<li>Max. printing area: 95x150mm.<\/li>\n<li>Printing definition: 12 dots\/mm (300dpi)<\/li>\n<li>Printing speed: up to 50 mm\/s<\/li>\n<li>Recommended ribbon type: High durability resin belts (RINK method).<\/li>\n<\/ul>\n<p>[\/et_pb_text][\/et_pb_column_inner][\/et_pb_row_inner][et_pb_row_inner admin_label=&#8221;row_inner&#8221; custom_padding=&#8221;0px||60px|&#8221; custom_padding_tablet=&#8221;0px||0px|&#8221; custom_padding_phone=&#8221;||30px|&#8221; padding_mobile=&#8221;off&#8221; use_custom_gutter=&#8221;off&#8221; make_equal=&#8221;off&#8221; column_padding_mobile=&#8221;off&#8221; parallax_1=&#8221;off&#8221; parallax_method_1=&#8221;on&#8221; parallax_2=&#8221;off&#8221; parallax_method_2=&#8221;on&#8221; parallax_3=&#8221;off&#8221; parallax_method_3=&#8221;on&#8221; custom_margin_tablet=&#8221;0px|||&#8221; custom_margin_last_edited=&#8221;on|tablet&#8221; disabled=&#8221;off&#8221;][et_pb_column_inner type=&#8221;4_4&#8243; saved_specialty_column_type=&#8221;3_4&#8243;][et_pb_video admin_label=&#8221;Video&#8221; src=&#8221;https:\/\/www.youtube.com\/watch?v=xtaxuTNtZMQ&#8221; disabled=&#8221;off&#8221;] [\/et_pb_video][\/et_pb_column_inner][\/et_pb_row_inner][\/et_pb_column][et_pb_column type=&#8221;1_4&#8243;][et_pb_text admin_label=&#8221;Text&#8221; background_layout=&#8221;light&#8221; text_orientation=&#8221;left&#8221; disabled_on=&#8221;off|off|off&#8221; header_font_size=&#8221;32px&#8221; text_text_color=&#8221;#000000&#8243; background_color=&#8221;#ffffff&#8221; use_border_color=&#8221;on&#8221; border_color=&#8221;#24989a&#8221; border_width=&#8221;2px&#8221; border_style=&#8221;solid&#8221; custom_margin=&#8221;0px|||&#8221; custom_margin_last_edited=&#8221;on|tablet&#8221; custom_padding=&#8221;13px||10px|15px&#8221; custom_padding_last_edited=&#8221;on|tablet&#8221; disabled=&#8221;off&#8221; saved_tabs=&#8221;all&#8221;]<\/p>\n<h4 style=\"text-align: left;\"><a href=\"https:\/\/gruberebs.de\/coditherm\/?lang=en\"><strong>CODITHERM<\/strong><\/a><\/h4>\n<ul>\n<li><a href=\"..\/coditherm-i-roller\/?lang=en\">Coditherm I-Roller<\/a><\/li>\n<li><a href=\"..\/coditherm-round\/?lang=en\">Coditherm Round<\/a><\/li>\n<li><a href=\"..\/coditherm-pad\/?lang=en\">Coditherm Pad<\/a><\/li>\n<li><a href=\"..\/coditherm-flat\/?lang=en\">Coditherm Flat\/Roller<\/a><\/li>\n<li><a href=\"..\/coditherm-h-pad\/?lang=en\">Coditherm H-Pad<\/a><\/li>\n<\/ul>\n<p>[\/et_pb_text][\/et_pb_column][\/et_pb_section]<\/p>\n","protected":false},"excerpt":{"rendered":"<p>Coditherm H-PAD is ideal for printing in recessed areas of structured plastic containers in which the printing area is only slightly smaller than the recess itself and where roller printers cannot be used as a consequence. This model has a high-power hot pad transfer device. The pad is operated by a pneumatic piston capable of [&hellip;]<\/p>\n","protected":false},"author":2,"featured_media":0,"parent":0,"menu_order":0,"comment_status":"closed","ping_status":"closed","template":"","meta":{"_et_pb_use_builder":"on","_et_pb_old_content":"<table style=\"width: 527px; height: 489px;\" border=\"0\"><tbody><tr><td colspan=\"9\" valign=\"top\"><p><strong><b>CODITHERM 4 BRUSH<\/b><\/strong><br \/>Dieses Modell wurde f\u00fcr die Beschriftung von Pinselstielen mit unterschiedlichen Durchmessern und Formen konzipiert. Das System besteht aus einer Druckeinheit mit Steuerung, einem Grundgestell und einer Rotationseinheit f\u00fcr Pinselstiele. Die Pinsel werden w\u00e4hrend des Druckens gedreht, und k\u00f6nnen somit Korken 360\u00b0 - also rundum mit variablen Texten, Logos und Barcoden beschriftet werden.<\/p><\/td><\/tr><tr><td style=\"width: 200px;\" colspan=\"9\" valign=\"top\"><img class=\"alignnone size-full wp-image-1625\" src=\"https:\/\/gruberebs.de\/wp16\/wp-content\/uploads\/2013\/08\/brush_12.jpg\" alt=\"brush_1\" width=\"520\" height=\"240\" \/>\u00a0<\/td><\/tr><tr><td style=\"width: 200px;\" valign=\"top\"><img class=\"alignnone size-full wp-image-1623\" src=\"https:\/\/gruberebs.de\/wp16\/wp-content\/uploads\/2013\/08\/brush_21.jpg\" alt=\"brush_2\" width=\"250\" height=\"200\" \/><\/td><td style=\"width: 200px;\" colspan=\"8\" align=\"right\" valign=\"top\"><img class=\"alignnone size-full wp-image-1624\" src=\"https:\/\/gruberebs.de\/wp16\/wp-content\/uploads\/2013\/08\/brush_31.jpg\" alt=\"brush_3\" width=\"250\" height=\"200\" \/><\/td><\/tr><tr><td style=\"width: 200px;\" colspan=\"9\" valign=\"top\">Wir liefern auch eine Komplettl\u00f6sung mit vollautomatischer Zuf\u00fchrung und Beschriftung <br \/>der Pinsel.<\/td><\/tr><tr><td colspan=\"9\" valign=\"top\"><a href=\"https:\/\/gruberebs.de\/wp-content\/uploads\/2013\/06\/line_5202.jpg\"><img class=\"alignnone size-full wp-image-1282\" src=\"https:\/\/gruberebs.de\/wp16\/wp-content\/uploads\/2013\/06\/line_5202.jpg\" alt=\"\" width=\"520\" height=\"10\" \/><\/a><\/td><\/tr><tr><td valign=\"top\"><p>[fvplayer src='https:\/\/gruberebs.de\/wp-content\/uploads\/2013\/08\/coditherm_brushes.flv' align=left width=220 height=148]<\/p><\/td><td colspan=\"8\" valign=\"top\"><p><a href=\"https:\/\/gruberebs.de\/?page_id=1461\"><img class=\"alignnone size-full wp-image-851\" src=\"https:\/\/gruberebs.de\/wp16\/wp-content\/uploads\/2013\/06\/blase_@_schmal_rechts.jpg\" alt=\"\" width=\"103\" height=\"116\" \/><\/a><\/p><\/td><\/tr><tr><td colspan=\"9\" valign=\"top\"><a href=\"https:\/\/gruberebs.de\/wp-content\/uploads\/2013\/06\/line_5202.jpg\"><img class=\"alignnone size-full wp-image-1282\" src=\"https:\/\/gruberebs.de\/wp16\/wp-content\/uploads\/2013\/06\/line_5202.jpg\" alt=\"\" width=\"520\" height=\"10\" \/><\/a><\/td><\/tr><\/tbody><\/table>","_et_gb_content_width":"","footnotes":""},"difl_page_category":[],"class_list":["post-8051","page","type-page","status-publish","hentry"],"yoast_head":"<!-- This site is optimized with the Yoast SEO plugin v27.4 - https:\/\/yoast.com\/product\/yoast-seo-wordpress\/ -->\n<title>Coditherm H-Pad &#8211; Gruber GmbH<\/title>\n<meta name=\"robots\" content=\"index, follow, max-snippet:-1, max-image-preview:large, max-video-preview:-1\" \/>\n<link rel=\"canonical\" href=\"https:\/\/gruberebs.de\/coditherm-h-pad\/?lang=en\" \/>\n<meta property=\"og:locale\" content=\"en_US\" \/>\n<meta property=\"og:type\" content=\"article\" \/>\n<meta property=\"og:title\" content=\"Coditherm H-Pad &#8211; Gruber GmbH\" \/>\n<meta property=\"og:description\" content=\"Coditherm H-PAD is ideal for printing in recessed areas of structured plastic containers in which the printing area is only slightly smaller than the recess itself and where roller printers cannot be used as a consequence. This model has a high-power hot pad transfer device. The pad is operated by a pneumatic piston capable of [&hellip;]\" \/>\n<meta property=\"og:url\" content=\"https:\/\/gruberebs.de\/coditherm-h-pad\/?lang=en\" \/>\n<meta property=\"og:site_name\" content=\"Gruber GmbH\" \/>\n<meta property=\"article:modified_time\" content=\"2016-11-25T15:16:19+00:00\" \/>\n<meta name=\"twitter:card\" content=\"summary_large_image\" \/>\n<meta name=\"twitter:label1\" content=\"Est. reading time\" \/>\n\t<meta name=\"twitter:data1\" content=\"5 minutes\" \/>\n<script type=\"application\/ld+json\" class=\"yoast-schema-graph\">{\"@context\":\"https:\\\/\\\/schema.org\",\"@graph\":[{\"@type\":\"WebPage\",\"@id\":\"https:\\\/\\\/gruberebs.de\\\/coditherm-h-pad\\\/?lang=en\",\"url\":\"https:\\\/\\\/gruberebs.de\\\/coditherm-h-pad\\\/?lang=en\",\"name\":\"Coditherm H-Pad &#8211; Gruber GmbH\",\"isPartOf\":{\"@id\":\"https:\\\/\\\/gruberebs.de\\\/#website\"},\"datePublished\":\"2016-11-25T12:22:37+00:00\",\"dateModified\":\"2016-11-25T15:16:19+00:00\",\"breadcrumb\":{\"@id\":\"https:\\\/\\\/gruberebs.de\\\/coditherm-h-pad\\\/?lang=en#breadcrumb\"},\"inLanguage\":\"en-US\",\"potentialAction\":[{\"@type\":\"ReadAction\",\"target\":[\"https:\\\/\\\/gruberebs.de\\\/coditherm-h-pad\\\/?lang=en\"]}]},{\"@type\":\"BreadcrumbList\",\"@id\":\"https:\\\/\\\/gruberebs.de\\\/coditherm-h-pad\\\/?lang=en#breadcrumb\",\"itemListElement\":[{\"@type\":\"ListItem\",\"position\":1,\"name\":\"Startseite\",\"item\":\"https:\\\/\\\/gruberebs.de\\\/?lang=en\"},{\"@type\":\"ListItem\",\"position\":2,\"name\":\"Coditherm H-Pad\"}]},{\"@type\":\"WebSite\",\"@id\":\"https:\\\/\\\/gruberebs.de\\\/#website\",\"url\":\"https:\\\/\\\/gruberebs.de\\\/\",\"name\":\"Gruber GmbH\",\"description\":\"Die Profis f\u00fcr Etikettier-, Codier- und Druckl\u00f6sungen\",\"publisher\":{\"@id\":\"https:\\\/\\\/gruberebs.de\\\/#\\\/schema\\\/person\\\/8133811c0bd00dd421d5cefe800157d8\"},\"potentialAction\":[{\"@type\":\"SearchAction\",\"target\":{\"@type\":\"EntryPoint\",\"urlTemplate\":\"https:\\\/\\\/gruberebs.de\\\/?s={search_term_string}\"},\"query-input\":{\"@type\":\"PropertyValueSpecification\",\"valueRequired\":true,\"valueName\":\"search_term_string\"}}],\"inLanguage\":\"en-US\"},{\"@type\":[\"Person\",\"Organization\"],\"@id\":\"https:\\\/\\\/gruberebs.de\\\/#\\\/schema\\\/person\\\/8133811c0bd00dd421d5cefe800157d8\",\"name\":\"Frank Gruber\",\"image\":{\"@type\":\"ImageObject\",\"inLanguage\":\"en-US\",\"@id\":\"https:\\\/\\\/secure.gravatar.com\\\/avatar\\\/722e8ac7d054e918f8823780b222798c2b651a8808be0970739d13357f05acf5?s=96&d=mm&r=g\",\"url\":\"https:\\\/\\\/secure.gravatar.com\\\/avatar\\\/722e8ac7d054e918f8823780b222798c2b651a8808be0970739d13357f05acf5?s=96&d=mm&r=g\",\"contentUrl\":\"https:\\\/\\\/secure.gravatar.com\\\/avatar\\\/722e8ac7d054e918f8823780b222798c2b651a8808be0970739d13357f05acf5?s=96&d=mm&r=g\",\"caption\":\"Frank Gruber\"},\"logo\":{\"@id\":\"https:\\\/\\\/secure.gravatar.com\\\/avatar\\\/722e8ac7d054e918f8823780b222798c2b651a8808be0970739d13357f05acf5?s=96&d=mm&r=g\"},\"sameAs\":[\"http:\\\/\\\/www.gruberebs.de\"]}]}<\/script>\n<!-- \/ Yoast SEO plugin. -->","yoast_head_json":{"title":"Coditherm H-Pad &#8211; Gruber GmbH","robots":{"index":"index","follow":"follow","max-snippet":"max-snippet:-1","max-image-preview":"max-image-preview:large","max-video-preview":"max-video-preview:-1"},"canonical":"https:\/\/gruberebs.de\/coditherm-h-pad\/?lang=en","og_locale":"en_US","og_type":"article","og_title":"Coditherm H-Pad &#8211; Gruber GmbH","og_description":"Coditherm H-PAD is ideal for printing in recessed areas of structured plastic containers in which the printing area is only slightly smaller than the recess itself and where roller printers cannot be used as a consequence. This model has a high-power hot pad transfer device. The pad is operated by a pneumatic piston capable of [&hellip;]","og_url":"https:\/\/gruberebs.de\/coditherm-h-pad\/?lang=en","og_site_name":"Gruber GmbH","article_modified_time":"2016-11-25T15:16:19+00:00","twitter_card":"summary_large_image","twitter_misc":{"Est. reading time":"5 minutes"},"schema":{"@context":"https:\/\/schema.org","@graph":[{"@type":"WebPage","@id":"https:\/\/gruberebs.de\/coditherm-h-pad\/?lang=en","url":"https:\/\/gruberebs.de\/coditherm-h-pad\/?lang=en","name":"Coditherm H-Pad &#8211; Gruber GmbH","isPartOf":{"@id":"https:\/\/gruberebs.de\/#website"},"datePublished":"2016-11-25T12:22:37+00:00","dateModified":"2016-11-25T15:16:19+00:00","breadcrumb":{"@id":"https:\/\/gruberebs.de\/coditherm-h-pad\/?lang=en#breadcrumb"},"inLanguage":"en-US","potentialAction":[{"@type":"ReadAction","target":["https:\/\/gruberebs.de\/coditherm-h-pad\/?lang=en"]}]},{"@type":"BreadcrumbList","@id":"https:\/\/gruberebs.de\/coditherm-h-pad\/?lang=en#breadcrumb","itemListElement":[{"@type":"ListItem","position":1,"name":"Startseite","item":"https:\/\/gruberebs.de\/?lang=en"},{"@type":"ListItem","position":2,"name":"Coditherm H-Pad"}]},{"@type":"WebSite","@id":"https:\/\/gruberebs.de\/#website","url":"https:\/\/gruberebs.de\/","name":"Gruber GmbH","description":"Die Profis f\u00fcr Etikettier-, Codier- und Druckl\u00f6sungen","publisher":{"@id":"https:\/\/gruberebs.de\/#\/schema\/person\/8133811c0bd00dd421d5cefe800157d8"},"potentialAction":[{"@type":"SearchAction","target":{"@type":"EntryPoint","urlTemplate":"https:\/\/gruberebs.de\/?s={search_term_string}"},"query-input":{"@type":"PropertyValueSpecification","valueRequired":true,"valueName":"search_term_string"}}],"inLanguage":"en-US"},{"@type":["Person","Organization"],"@id":"https:\/\/gruberebs.de\/#\/schema\/person\/8133811c0bd00dd421d5cefe800157d8","name":"Frank Gruber","image":{"@type":"ImageObject","inLanguage":"en-US","@id":"https:\/\/secure.gravatar.com\/avatar\/722e8ac7d054e918f8823780b222798c2b651a8808be0970739d13357f05acf5?s=96&d=mm&r=g","url":"https:\/\/secure.gravatar.com\/avatar\/722e8ac7d054e918f8823780b222798c2b651a8808be0970739d13357f05acf5?s=96&d=mm&r=g","contentUrl":"https:\/\/secure.gravatar.com\/avatar\/722e8ac7d054e918f8823780b222798c2b651a8808be0970739d13357f05acf5?s=96&d=mm&r=g","caption":"Frank Gruber"},"logo":{"@id":"https:\/\/secure.gravatar.com\/avatar\/722e8ac7d054e918f8823780b222798c2b651a8808be0970739d13357f05acf5?s=96&d=mm&r=g"},"sameAs":["http:\/\/www.gruberebs.de"]}]}},"_links":{"self":[{"href":"https:\/\/gruberebs.de\/en\/wp-json\/wp\/v2\/pages\/8051","targetHints":{"allow":["GET"]}}],"collection":[{"href":"https:\/\/gruberebs.de\/en\/wp-json\/wp\/v2\/pages"}],"about":[{"href":"https:\/\/gruberebs.de\/en\/wp-json\/wp\/v2\/types\/page"}],"author":[{"embeddable":true,"href":"https:\/\/gruberebs.de\/en\/wp-json\/wp\/v2\/users\/2"}],"replies":[{"embeddable":true,"href":"https:\/\/gruberebs.de\/en\/wp-json\/wp\/v2\/comments?post=8051"}],"version-history":[{"count":0,"href":"https:\/\/gruberebs.de\/en\/wp-json\/wp\/v2\/pages\/8051\/revisions"}],"wp:attachment":[{"href":"https:\/\/gruberebs.de\/en\/wp-json\/wp\/v2\/media?parent=8051"}],"wp:term":[{"taxonomy":"difl_page_category","embeddable":true,"href":"https:\/\/gruberebs.de\/en\/wp-json\/wp\/v2\/difl_page_category?post=8051"}],"curies":[{"name":"wp","href":"https:\/\/api.w.org\/{rel}","templated":true}]}}