{"id":8377,"date":"2016-12-02T10:29:32","date_gmt":"2016-12-02T09:29:32","guid":{"rendered":"http:\/\/gruberebs.de\/wp16\/?page_id=8377&#038;lang=en"},"modified":"2016-12-09T10:36:44","modified_gmt":"2016-12-09T09:36:44","slug":"newsletter","status":"publish","type":"page","link":"https:\/\/gruberebs.de\/en\/newsletter\/","title":{"rendered":"Newsletter"},"content":{"rendered":"<p>[et_pb_section transparent_background=&#8221;off&#8221; background_color=&#8221;rgba(255,255,255,0)&#8221; allow_player_pause=&#8221;off&#8221; inner_shadow=&#8221;off&#8221; parallax=&#8221;off&#8221; parallax_method=&#8221;on&#8221; padding_mobile=&#8221;off&#8221; make_fullwidth=&#8221;off&#8221; use_custom_width=&#8221;off&#8221; width_unit=&#8221;off&#8221; custom_width_px=&#8221;1080px&#8221; custom_width_percent=&#8221;80%&#8221; make_equal=&#8221;off&#8221; use_custom_gutter=&#8221;off&#8221; fullwidth=&#8221;on&#8221; specialty=&#8221;off&#8221; admin_label=&#8221;Sektion&#8221; disabled=&#8221;off&#8221;][et_pb_fullwidth_slider show_arrows=&#8221;on&#8221; show_pagination=&#8221;on&#8221; auto=&#8221;off&#8221; auto_speed=&#8221;7000&#8243; auto_ignore_hover=&#8221;off&#8221; parallax=&#8221;off&#8221; parallax_method=&#8221;off&#8221; remove_inner_shadow=&#8221;off&#8221; background_position=&#8221;default&#8221; background_size=&#8221;default&#8221; hide_content_on_mobile=&#8221;off&#8221; hide_cta_on_mobile=&#8221;off&#8221; show_image_video_mobile=&#8221;off&#8221; admin_label=&#8221;Vollbreiter Slider&#8221; custom_button=&#8221;off&#8221; button_text_size=&#8221;20&#8243; button_letter_spacing=&#8221;0&#8243; button_use_icon=&#8221;default&#8221; button_icon_placement=&#8221;right&#8221; button_on_hover=&#8221;on&#8221; button_letter_spacing_hover=&#8221;0&#8243; disabled=&#8221;off&#8221;][et_pb_slide button_link=&#8221;#&#8221; background_image=&#8221;https:\/\/gruberebs.de\/wp16\/wp-content\/uploads\/2013\/05\/Swing_Slider.jpg&#8221; background_position=&#8221;default&#8221; background_size=&#8221;default&#8221; background_color=&#8221;#ffffff&#8221; use_bg_overlay=&#8221;off&#8221; use_text_overlay=&#8221;off&#8221; alignment=&#8221;center&#8221; background_layout=&#8221;dark&#8221; allow_player_pause=&#8221;off&#8221; text_border_radius=&#8221;3&#8243; header_font=&#8221;||||&#8221; body_font=&#8221;||||&#8221; custom_button=&#8221;off&#8221; button_font=&#8221;||||&#8221; button_use_icon=&#8221;default&#8221; button_icon_placement=&#8221;right&#8221; button_on_hover=&#8221;on&#8221; disabled=&#8221;off&#8221;] [\/et_pb_slide][et_pb_slide button_link=&#8221;#&#8221; background_image=&#8221;https:\/\/gruberebs.de\/wp16\/wp-content\/uploads\/2012\/01\/Printess_Komprimiert.jpg&#8221; background_position=&#8221;default&#8221; background_size=&#8221;default&#8221; background_color=&#8221;#ffffff&#8221; use_bg_overlay=&#8221;off&#8221; use_text_overlay=&#8221;off&#8221; alignment=&#8221;center&#8221; background_layout=&#8221;dark&#8221; allow_player_pause=&#8221;off&#8221; text_border_radius=&#8221;3&#8243; header_font=&#8221;||||&#8221; body_font=&#8221;||||&#8221; custom_button=&#8221;off&#8221; button_font=&#8221;||||&#8221; button_use_icon=&#8221;default&#8221; button_icon_placement=&#8221;right&#8221; button_on_hover=&#8221;on&#8221; disabled=&#8221;off&#8221;] [\/et_pb_slide][\/et_pb_fullwidth_slider][\/et_pb_section][et_pb_section transparent_background=&#8221;off&#8221; background_color=&#8221;rgba(255,255,255,0)&#8221; allow_player_pause=&#8221;off&#8221; inner_shadow=&#8221;off&#8221; parallax=&#8221;off&#8221; parallax_method=&#8221;on&#8221; custom_padding=&#8221;||0px|&#8221; padding_mobile=&#8221;off&#8221; make_fullwidth=&#8221;off&#8221; use_custom_width=&#8221;off&#8221; width_unit=&#8221;off&#8221; custom_width_px=&#8221;1080px&#8221; custom_width_percent=&#8221;80%&#8221; make_equal=&#8221;off&#8221; use_custom_gutter=&#8221;off&#8221; fullwidth=&#8221;on&#8221; specialty=&#8221;off&#8221; admin_label=&#8221;section&#8221; disabled=&#8221;off&#8221;][et_pb_fullwidth_header title=&#8221;NEWSLETTER&#8221; background_layout=&#8221;light&#8221; text_orientation=&#8221;center&#8221; header_fullscreen=&#8221;off&#8221; header_scroll_down=&#8221;off&#8221; scroll_down_icon=&#8221;%%3%%&#8221; title_font_color=&#8221;#24989a&#8221; subhead_font_color=&#8221;#000000&#8243; parallax=&#8221;off&#8221; parallax_method=&#8221;off&#8221; content_orientation=&#8221;center&#8221; image_orientation=&#8221;center&#8221; admin_label=&#8221;Vollbreite Kopfzeile&#8221; title_font_size=&#8221;42px&#8221; subhead_font_size=&#8221;20px&#8221; content_font_size=&#8221;14px&#8221; custom_button_one=&#8221;off&#8221; button_one_text_size=&#8221;20&#8243; button_one_letter_spacing=&#8221;0&#8243; button_one_use_icon=&#8221;on&#8221; button_one_icon_placement=&#8221;right&#8221; button_one_on_hover=&#8221;on&#8221; button_one_letter_spacing_hover=&#8221;0&#8243; custom_button_two=&#8221;off&#8221; button_two_text_size=&#8221;20&#8243; button_two_letter_spacing=&#8221;0&#8243; button_two_use_icon=&#8221;on&#8221; button_two_icon_placement=&#8221;right&#8221; button_two_on_hover=&#8221;on&#8221; button_two_letter_spacing_hover=&#8221;0&#8243; disabled=&#8221;off&#8221;] [\/et_pb_fullwidth_header][\/et_pb_section][et_pb_section transparent_background=&#8221;off&#8221; background_color=&#8221;rgba(255,255,255,0)&#8221; allow_player_pause=&#8221;off&#8221; inner_shadow=&#8221;off&#8221; parallax=&#8221;off&#8221; parallax_method=&#8221;on&#8221; custom_padding=&#8221;0px|||&#8221; padding_mobile=&#8221;on&#8221; make_fullwidth=&#8221;off&#8221; use_custom_width=&#8221;off&#8221; width_unit=&#8221;off&#8221; custom_width_px=&#8221;1080px&#8221; custom_width_percent=&#8221;80%&#8221; make_equal=&#8221;off&#8221; use_custom_gutter=&#8221;off&#8221; fullwidth=&#8221;off&#8221; specialty=&#8221;off&#8221; admin_label=&#8221;Sektion&#8221; disabled=&#8221;off&#8221;][et_pb_row make_fullwidth=&#8221;off&#8221; use_custom_width=&#8221;off&#8221; width_unit=&#8221;off&#8221; custom_width_px=&#8221;1080px&#8221; custom_width_percent=&#8221;80%&#8221; use_custom_gutter=&#8221;off&#8221; gutter_width=&#8221;3&#8243; custom_padding=&#8221;0px|||&#8221; padding_mobile=&#8221;on&#8221; custom_margin=&#8221;0px|||&#8221; allow_player_pause=&#8221;off&#8221; parallax=&#8221;off&#8221; parallax_method=&#8221;on&#8221; make_equal=&#8221;off&#8221; column_padding_mobile=&#8221;on&#8221; background_color_1=&#8221;#ffffff&#8221; parallax_1=&#8221;off&#8221; parallax_method_1=&#8221;on&#8221; parallax_2=&#8221;off&#8221; parallax_method_2=&#8221;on&#8221; parallax_3=&#8221;off&#8221; parallax_method_3=&#8221;on&#8221; parallax_4=&#8221;off&#8221; parallax_method_4=&#8221;on&#8221; admin_label=&#8221;Zeile&#8221; custom_margin_phone=&#8221;||30px|&#8221; custom_margin_last_edited=&#8221;on|phone&#8221; disabled=&#8221;off&#8221;][et_pb_column type=&#8221;1_4&#8243; disabled=&#8221;off&#8221; background_color=&#8221;#ffffff&#8221; parallax=&#8221;off&#8221; parallax_method=&#8221;on&#8221; column_padding_mobile=&#8221;on&#8221;][et_pb_text background_layout=&#8221;light&#8221; text_orientation=&#8221;center&#8221; admin_label=&#8221;Text&#8221; text_text_color=&#8221;#ffffff&#8221; background_color=&#8221;#20989c&#8221; use_border_color=&#8221;off&#8221; border_style=&#8221;solid&#8221; custom_margin=&#8221;||0px|&#8221; custom_padding=&#8221;5px|10px|4px|10px&#8221; disabled=&#8221;off&#8221;]<\/p>\n<p><strong>Gruber GmbH<\/strong><\/p>\n<p>[\/et_pb_text][et_pb_text background_layout=&#8221;light&#8221; text_orientation=&#8221;left&#8221; admin_label=&#8221;Text&#8221; text_font_size=&#8221;14px&#8221; text_text_color=&#8221;#000000&#8243; background_color=&#8221;#ffffff&#8221; use_border_color=&#8221;on&#8221; border_color=&#8221;#20989c&#8221; border_width=&#8221;2px&#8221; border_style=&#8221;solid&#8221; custom_margin=&#8221;0px|||&#8221; custom_padding=&#8221;5px|10px|5px|20px&#8221; disabled=&#8221;off&#8221;]<\/p>\n<p>Rudolf-Diesel-Str. 11<br \/>\n86508 Rehling<\/p>\n<p>Telephone 0 82 37 \/ 96 27 \u2013 0 Fax 0 82 37 \/ 96 27 \u2013 20<br \/>\nE-Mail <a href=\"mailto:info@gruberebs.de\">info@gruberebs.de<\/a><\/p>\n<p>[\/et_pb_text][\/et_pb_column][et_pb_column type=&#8221;3_4&#8243; disabled=&#8221;off&#8221; parallax=&#8221;off&#8221; parallax_method=&#8221;on&#8221; column_padding_mobile=&#8221;on&#8221;][et_pb_text background_layout=&#8221;light&#8221; text_orientation=&#8221;left&#8221; admin_label=&#8221;Text&#8221; use_border_color=&#8221;off&#8221; border_style=&#8221;solid&#8221; custom_margin=&#8221;||30px|&#8221; disabled=&#8221;off&#8221;]<\/p>\n<h4>As a subscriber of our free newsletter we inform you new products and Measuring and events. Announce yourselves now for the Gruber-newsletter, free of charge and any time tellable!<\/h4>\n<p>[\/et_pb_text][et_pb_text background_layout=&#8221;light&#8221; text_orientation=&#8221;left&#8221; admin_label=&#8221;Text&#8221; background_color=&#8221;#ffffff&#8221; use_border_color=&#8221;on&#8221; border_color=&#8221;#20989c&#8221; border_width=&#8221;2px&#8221; border_style=&#8221;solid&#8221; disabled=&#8221;off&#8221; saved_tabs=&#8221;all&#8221;]<\/p>\n<div class=\"newsletter newsletter-subscription\">\n<form action=\"https:\/\/gruberebs.de\/wp16\/?na=s\" method=\"post\"><!-- first name --><!-- last name --><!-- email --><\/form>\n<\/div>\n<table border=\"0\" cellspacing=\"0\" cellpadding=\"3\"><!-- sex --><\/p>\n<tbody>\n<tr>\n<th>Title<\/th>\n<td><select class=\"newsletter-sex\" name=\"nx\"><option value=\"m\">Male<\/option><option value=\"f\">Female<\/option><\/select><\/td>\n<\/tr>\n<tr>\n<th>Prename<\/th>\n<td><input class=\"newsletter-firstname\" name=\"nn\" size=\"30\" type=\"text\" \/><\/td>\n<\/tr>\n<tr>\n<th>Name<\/th>\n<td><input class=\"newsletter-lastname\" name=\"ns\" size=\"30\" type=\"text\" \/><\/td>\n<\/tr>\n<tr>\n<th>E-Mail<\/th>\n<td align=\"left\"><input class=\"newsletter-email\" name=\"ne\" required=\"\" size=\"30\" type=\"email\" \/><\/td>\n<\/tr>\n<tr>\n<td class=\"newsletter-td-submit\" colspan=\"2\"><input class=\"newsletter-submit\" type=\"submit\" value=\"Submit\" \/><\/td>\n<\/tr>\n<\/tbody>\n<\/table>\n<p>[\/et_pb_text][\/et_pb_column][\/et_pb_row][\/et_pb_section]<\/p>\n","protected":false},"excerpt":{"rendered":"<p>Gruber GmbH Rudolf-Diesel-Str. 11 86508 Rehling Telephone 0 82 37 \/ 96 27 \u2013 0 Fax 0 82 37 \/ 96 27 \u2013 20 E-Mail info@gruberebs.de As a subscriber of our free newsletter we inform you new products and Measuring and events. Announce yourselves now for the Gruber-newsletter, free of charge and any time tellable! [&hellip;]<\/p>\n","protected":false},"author":2,"featured_media":0,"parent":0,"menu_order":8,"comment_status":"closed","ping_status":"closed","template":"","meta":{"_et_pb_use_builder":"on","_et_pb_old_content":"<p>[et_pb_section admin_label=\"Sektion\" transparent_background=\"off\" background_color=\"rgba(255,255,255,0)\" allow_player_pause=\"off\" inner_shadow=\"off\" parallax=\"off\" parallax_method=\"on\" padding_mobile=\"off\" make_fullwidth=\"off\" use_custom_width=\"off\" width_unit=\"off\" custom_width_px=\"1080px\" custom_width_percent=\"80%\" make_equal=\"off\" use_custom_gutter=\"off\" fullwidth=\"on\" specialty=\"off\" disabled=\"off\"][et_pb_fullwidth_slider admin_label=\"Vollbreiter Slider\" show_arrows=\"on\" show_pagination=\"on\" auto=\"off\" auto_speed=\"7000\" auto_ignore_hover=\"off\" parallax=\"off\" parallax_method=\"off\" remove_inner_shadow=\"off\" background_position=\"default\" background_size=\"default\" hide_content_on_mobile=\"off\" hide_cta_on_mobile=\"off\" show_image_video_mobile=\"off\" custom_button=\"off\" button_text_size=\"20\" button_letter_spacing=\"0\" button_use_icon=\"default\" button_icon_placement=\"right\" button_on_hover=\"on\" button_letter_spacing_hover=\"0\" disabled=\"off\"]<\/p><p>[et_pb_slide button_link=\"#\" background_image=\"https:\/\/gruberebs.de\/wp16\/wp-content\/uploads\/2013\/05\/Swing_Slider.jpg\" background_position=\"default\" background_size=\"default\" background_color=\"#ffffff\" use_bg_overlay=\"off\" use_text_overlay=\"off\" alignment=\"center\" background_layout=\"dark\" allow_player_pause=\"off\" text_border_radius=\"3\" header_font=\"||||\" body_font=\"||||\" custom_button=\"off\" button_font=\"||||\" button_use_icon=\"default\" button_icon_placement=\"right\" button_on_hover=\"on\" disabled=\"off\"] [\/et_pb_slide][et_pb_slide button_link=\"#\" background_image=\"https:\/\/gruberebs.de\/wp16\/wp-content\/uploads\/2012\/01\/Printess_Komprimiert.jpg\" background_position=\"default\" background_size=\"default\" background_color=\"#ffffff\" use_bg_overlay=\"off\" use_text_overlay=\"off\" alignment=\"center\" background_layout=\"dark\" allow_player_pause=\"off\" text_border_radius=\"3\" header_font=\"||||\" body_font=\"||||\" custom_button=\"off\" button_font=\"||||\" button_use_icon=\"default\" button_icon_placement=\"right\" button_on_hover=\"on\" disabled=\"off\"] [\/et_pb_slide]<\/p><p>[\/et_pb_fullwidth_slider][\/et_pb_section][et_pb_section admin_label=\"section\" transparent_background=\"off\" background_color=\"rgba(255,255,255,0)\" allow_player_pause=\"off\" inner_shadow=\"off\" parallax=\"off\" parallax_method=\"on\" custom_padding=\"||0px|\" padding_mobile=\"off\" make_fullwidth=\"off\" use_custom_width=\"off\" width_unit=\"off\" make_equal=\"off\" use_custom_gutter=\"off\" fullwidth=\"on\" specialty=\"off\" disabled=\"off\"][et_pb_fullwidth_header admin_label=\"Vollbreite Kopfzeile\" title=\"NEWSLETTER\" subhead=\"Als Abonnent unseres kostenlosen Newsletters informieren wir Sie \u00fcber neue Produkte Messen und Veranstaltungen.Melden Sie sich jetzt f\u00fcr den Gruber-Newsletter an, kostenlos und jederzeit k\u00fcndbar!\" background_layout=\"light\" text_orientation=\"center\" header_fullscreen=\"off\" header_scroll_down=\"off\" scroll_down_icon=\"%%3%%\" title_font_color=\"#24989a\" subhead_font_color=\"#000000\" parallax=\"off\" parallax_method=\"off\" content_orientation=\"center\" image_orientation=\"center\" title_font_size=\"42px\" subhead_font_size=\"20px\" content_font_size=\"14px\" custom_button_one=\"off\" button_one_text_size=\"20\" button_one_use_icon=\"on\" button_one_icon_placement=\"right\" button_one_on_hover=\"on\" button_one_letter_spacing_hover=\"0\" custom_button_two=\"off\" button_two_text_size=\"20\" button_two_use_icon=\"on\" button_two_icon_placement=\"right\" button_two_on_hover=\"on\" button_two_letter_spacing_hover=\"0\" disabled=\"off\"]<\/p><p>[\/et_pb_fullwidth_header][\/et_pb_section][et_pb_section admin_label=\"Sektion\" transparent_background=\"off\" background_color=\"rgba(255,255,255,0)\" allow_player_pause=\"off\" inner_shadow=\"off\" parallax=\"off\" parallax_method=\"on\" custom_padding=\"0px|||\" padding_mobile=\"on\" make_fullwidth=\"off\" use_custom_width=\"off\" width_unit=\"off\" make_equal=\"off\" use_custom_gutter=\"off\" fullwidth=\"off\" specialty=\"off\" disabled=\"off\"][et_pb_row admin_label=\"Zeile\" make_fullwidth=\"off\" use_custom_width=\"off\" width_unit=\"off\" custom_width_px=\"1080px\" custom_width_percent=\"80%\" use_custom_gutter=\"off\" gutter_width=\"3\" custom_padding=\"0px|||\" padding_mobile=\"on\" custom_margin=\"0px|||\" allow_player_pause=\"off\" parallax=\"off\" parallax_method=\"on\" make_equal=\"off\" column_padding_mobile=\"on\" background_color_1=\"#ffffff\" parallax_1=\"off\" parallax_method_1=\"on\" parallax_2=\"off\" parallax_method_2=\"on\" parallax_3=\"off\" parallax_method_3=\"on\" parallax_4=\"off\" parallax_method_4=\"on\" custom_margin_phone=\"||30px|\" custom_margin_last_edited=\"on|phone\" disabled=\"off\"][et_pb_column type=\"1_4\"][et_pb_text admin_label=\"Text\" background_layout=\"light\" text_orientation=\"center\" text_text_color=\"#ffffff\" background_color=\"#20989c\" use_border_color=\"off\" border_style=\"solid\" custom_margin=\"||0px|\" custom_padding=\"5px|10px|4px|10px\" disabled=\"off\"]<\/p><p><strong>Gruber GmbH<\/strong><\/p><p>[\/et_pb_text][et_pb_text admin_label=\"Text\" background_layout=\"light\" text_orientation=\"left\" text_font_size=\"14px\" text_text_color=\"#000000\" background_color=\"#ffffff\" use_border_color=\"on\" border_color=\"#20989c\" border_width=\"2px\" border_style=\"solid\" custom_margin=\"0px|||\" custom_padding=\"5px|10px|5px|20px\" disabled=\"off\"]<\/p><p>Rudolf-Diesel-Str. 11<br \/> 86508 Rehling<\/p><p>Telefon 0 82 37 \/ 96 27 \u2013 0<br \/> Telefax 0 82 37 \/ 96 27 \u2013 20<br \/> E-Mail <a href=\"mailto:info@gruberebs.de\">info@gruberebs.de<\/a><\/p><p>[\/et_pb_text][\/et_pb_column][et_pb_column type=\"3_4\"][et_pb_text admin_label=\"Text\" background_layout=\"light\" text_orientation=\"left\" background_color=\"#ffffff\" use_border_color=\"on\" border_color=\"#20989c\" border_width=\"2px\" border_style=\"solid\" disabled=\"off\" saved_tabs=\"all\"]<\/p><p><script type=\"text\/javascript\">\r\n\/\/<![CDATA[\r\nif (typeof newsletter_check !== \"function\") {\r\nwindow.newsletter_check = function (f) {\r\n    var re = \/^([a-zA-Z0-9_.-+])+@(([a-zA-Z0-9-]{1,})+.)+([a-zA-Z0-9]{2,})+$\/;\r\n    if (!re.test(f.elements[\"ne\"].value)) {\r\n        alert(\"The email is not correct\");\r\n        return false;\r\n    }\r\n    for (var i=1; i<20; i++) { if (f.elements[\"np\" + i] && f.elements[\"np\" + i].required && f.elements[\"np\" + i].value == \"\") { alert(\"\"); return false; } } if (f.elements[\"ny\"] && !f.elements[\"ny\"].checked) { alert(\"You must accept the privacy statement\"); return false; } return true; } } \/\/]]>\r\n<\/script><\/p><div class=\"newsletter newsletter-subscription\"><form action=\"https:\/\/gruberebs.de\/wp16\/?na=s\" method=\"post\"><!-- first name --><!-- last name --><p><!-- email --><\/p><table border=\"0\" cellspacing=\"0\" cellpadding=\"3\"><!-- sex --><tbody><tr><th>Anrede<\/th><td><select class=\"newsletter-sex\" name=\"nx\"><option value=\"m\">Herr<\/option><option value=\"f\">Frau<\/option><\/select><\/td><\/tr><tr><th>Vorname<\/th><td><input class=\"newsletter-firstname\" name=\"nn\" size=\"30\" type=\"text\" \/><\/td><\/tr><tr><th>Name<\/th><td><input class=\"newsletter-lastname\" name=\"ns\" size=\"30\" type=\"text\" \/><\/td><\/tr><tr><th>E-Mail<\/th><td align=\"left\"><input class=\"newsletter-email\" name=\"ne\" required=\"\" size=\"30\" type=\"email\" \/><\/td><\/tr><tr><td class=\"newsletter-td-submit\" colspan=\"2\"><input class=\"newsletter-submit\" type=\"submit\" value=\"Anmelden\" \/><\/td><\/tr><\/tbody><\/table><\/form><\/div><p>[\/et_pb_text][\/et_pb_column][\/et_pb_row][\/et_pb_section]<\/p>","_et_gb_content_width":"","footnotes":""},"difl_page_category":[],"class_list":["post-8377","page","type-page","status-publish","hentry"],"yoast_head":"<!-- This site is optimized with the Yoast SEO plugin v27.3 - https:\/\/yoast.com\/product\/yoast-seo-wordpress\/ -->\n<title>Newsletter &#8211; Gruber GmbH<\/title>\n<meta name=\"robots\" content=\"index, follow, max-snippet:-1, max-image-preview:large, max-video-preview:-1\" \/>\n<link rel=\"canonical\" href=\"https:\/\/gruberebs.de\/newsletter\/?lang=en\" \/>\n<meta property=\"og:locale\" content=\"en_US\" \/>\n<meta property=\"og:type\" content=\"article\" \/>\n<meta property=\"og:title\" content=\"Newsletter &#8211; Gruber GmbH\" \/>\n<meta property=\"og:description\" content=\"Gruber GmbH Rudolf-Diesel-Str. 11 86508 Rehling Telephone 0 82 37 \/ 96 27 \u2013 0 Fax 0 82 37 \/ 96 27 \u2013 20 E-Mail info@gruberebs.de As a subscriber of our free newsletter we inform you new products and Measuring and events. Announce yourselves now for the Gruber-newsletter, free of charge and any time tellable! [&hellip;]\" \/>\n<meta property=\"og:url\" content=\"https:\/\/gruberebs.de\/newsletter\/?lang=en\" \/>\n<meta property=\"og:site_name\" content=\"Gruber GmbH\" \/>\n<meta property=\"article:modified_time\" content=\"2016-12-09T09:36:44+00:00\" \/>\n<meta name=\"twitter:card\" content=\"summary_large_image\" \/>\n<meta name=\"twitter:label1\" content=\"Est. reading time\" \/>\n\t<meta name=\"twitter:data1\" content=\"4 minutes\" \/>\n<script type=\"application\/ld+json\" class=\"yoast-schema-graph\">{\"@context\":\"https:\\\/\\\/schema.org\",\"@graph\":[{\"@type\":\"WebPage\",\"@id\":\"https:\\\/\\\/gruberebs.de\\\/newsletter\\\/?lang=en\",\"url\":\"https:\\\/\\\/gruberebs.de\\\/newsletter\\\/?lang=en\",\"name\":\"Newsletter &#8211; Gruber GmbH\",\"isPartOf\":{\"@id\":\"https:\\\/\\\/gruberebs.de\\\/#website\"},\"datePublished\":\"2016-12-02T09:29:32+00:00\",\"dateModified\":\"2016-12-09T09:36:44+00:00\",\"breadcrumb\":{\"@id\":\"https:\\\/\\\/gruberebs.de\\\/newsletter\\\/?lang=en#breadcrumb\"},\"inLanguage\":\"en-US\",\"potentialAction\":[{\"@type\":\"ReadAction\",\"target\":[\"https:\\\/\\\/gruberebs.de\\\/newsletter\\\/?lang=en\"]}]},{\"@type\":\"BreadcrumbList\",\"@id\":\"https:\\\/\\\/gruberebs.de\\\/newsletter\\\/?lang=en#breadcrumb\",\"itemListElement\":[{\"@type\":\"ListItem\",\"position\":1,\"name\":\"Startseite\",\"item\":\"https:\\\/\\\/gruberebs.de\\\/?lang=en\"},{\"@type\":\"ListItem\",\"position\":2,\"name\":\"Newsletter\"}]},{\"@type\":\"WebSite\",\"@id\":\"https:\\\/\\\/gruberebs.de\\\/#website\",\"url\":\"https:\\\/\\\/gruberebs.de\\\/\",\"name\":\"Gruber GmbH\",\"description\":\"Die Profis f\u00fcr Etikettier-, Codier- und Druckl\u00f6sungen\",\"publisher\":{\"@id\":\"https:\\\/\\\/gruberebs.de\\\/#\\\/schema\\\/person\\\/8133811c0bd00dd421d5cefe800157d8\"},\"potentialAction\":[{\"@type\":\"SearchAction\",\"target\":{\"@type\":\"EntryPoint\",\"urlTemplate\":\"https:\\\/\\\/gruberebs.de\\\/?s={search_term_string}\"},\"query-input\":{\"@type\":\"PropertyValueSpecification\",\"valueRequired\":true,\"valueName\":\"search_term_string\"}}],\"inLanguage\":\"en-US\"},{\"@type\":[\"Person\",\"Organization\"],\"@id\":\"https:\\\/\\\/gruberebs.de\\\/#\\\/schema\\\/person\\\/8133811c0bd00dd421d5cefe800157d8\",\"name\":\"Frank Gruber\",\"image\":{\"@type\":\"ImageObject\",\"inLanguage\":\"en-US\",\"@id\":\"https:\\\/\\\/secure.gravatar.com\\\/avatar\\\/722e8ac7d054e918f8823780b222798c2b651a8808be0970739d13357f05acf5?s=96&d=mm&r=g\",\"url\":\"https:\\\/\\\/secure.gravatar.com\\\/avatar\\\/722e8ac7d054e918f8823780b222798c2b651a8808be0970739d13357f05acf5?s=96&d=mm&r=g\",\"contentUrl\":\"https:\\\/\\\/secure.gravatar.com\\\/avatar\\\/722e8ac7d054e918f8823780b222798c2b651a8808be0970739d13357f05acf5?s=96&d=mm&r=g\",\"caption\":\"Frank Gruber\"},\"logo\":{\"@id\":\"https:\\\/\\\/secure.gravatar.com\\\/avatar\\\/722e8ac7d054e918f8823780b222798c2b651a8808be0970739d13357f05acf5?s=96&d=mm&r=g\"},\"sameAs\":[\"http:\\\/\\\/www.gruberebs.de\"]}]}<\/script>\n<!-- \/ Yoast SEO plugin. -->","yoast_head_json":{"title":"Newsletter &#8211; Gruber GmbH","robots":{"index":"index","follow":"follow","max-snippet":"max-snippet:-1","max-image-preview":"max-image-preview:large","max-video-preview":"max-video-preview:-1"},"canonical":"https:\/\/gruberebs.de\/newsletter\/?lang=en","og_locale":"en_US","og_type":"article","og_title":"Newsletter &#8211; Gruber GmbH","og_description":"Gruber GmbH Rudolf-Diesel-Str. 11 86508 Rehling Telephone 0 82 37 \/ 96 27 \u2013 0 Fax 0 82 37 \/ 96 27 \u2013 20 E-Mail info@gruberebs.de As a subscriber of our free newsletter we inform you new products and Measuring and events. Announce yourselves now for the Gruber-newsletter, free of charge and any time tellable! [&hellip;]","og_url":"https:\/\/gruberebs.de\/newsletter\/?lang=en","og_site_name":"Gruber GmbH","article_modified_time":"2016-12-09T09:36:44+00:00","twitter_card":"summary_large_image","twitter_misc":{"Est. reading time":"4 minutes"},"schema":{"@context":"https:\/\/schema.org","@graph":[{"@type":"WebPage","@id":"https:\/\/gruberebs.de\/newsletter\/?lang=en","url":"https:\/\/gruberebs.de\/newsletter\/?lang=en","name":"Newsletter &#8211; Gruber GmbH","isPartOf":{"@id":"https:\/\/gruberebs.de\/#website"},"datePublished":"2016-12-02T09:29:32+00:00","dateModified":"2016-12-09T09:36:44+00:00","breadcrumb":{"@id":"https:\/\/gruberebs.de\/newsletter\/?lang=en#breadcrumb"},"inLanguage":"en-US","potentialAction":[{"@type":"ReadAction","target":["https:\/\/gruberebs.de\/newsletter\/?lang=en"]}]},{"@type":"BreadcrumbList","@id":"https:\/\/gruberebs.de\/newsletter\/?lang=en#breadcrumb","itemListElement":[{"@type":"ListItem","position":1,"name":"Startseite","item":"https:\/\/gruberebs.de\/?lang=en"},{"@type":"ListItem","position":2,"name":"Newsletter"}]},{"@type":"WebSite","@id":"https:\/\/gruberebs.de\/#website","url":"https:\/\/gruberebs.de\/","name":"Gruber GmbH","description":"Die Profis f\u00fcr Etikettier-, Codier- und Druckl\u00f6sungen","publisher":{"@id":"https:\/\/gruberebs.de\/#\/schema\/person\/8133811c0bd00dd421d5cefe800157d8"},"potentialAction":[{"@type":"SearchAction","target":{"@type":"EntryPoint","urlTemplate":"https:\/\/gruberebs.de\/?s={search_term_string}"},"query-input":{"@type":"PropertyValueSpecification","valueRequired":true,"valueName":"search_term_string"}}],"inLanguage":"en-US"},{"@type":["Person","Organization"],"@id":"https:\/\/gruberebs.de\/#\/schema\/person\/8133811c0bd00dd421d5cefe800157d8","name":"Frank Gruber","image":{"@type":"ImageObject","inLanguage":"en-US","@id":"https:\/\/secure.gravatar.com\/avatar\/722e8ac7d054e918f8823780b222798c2b651a8808be0970739d13357f05acf5?s=96&d=mm&r=g","url":"https:\/\/secure.gravatar.com\/avatar\/722e8ac7d054e918f8823780b222798c2b651a8808be0970739d13357f05acf5?s=96&d=mm&r=g","contentUrl":"https:\/\/secure.gravatar.com\/avatar\/722e8ac7d054e918f8823780b222798c2b651a8808be0970739d13357f05acf5?s=96&d=mm&r=g","caption":"Frank Gruber"},"logo":{"@id":"https:\/\/secure.gravatar.com\/avatar\/722e8ac7d054e918f8823780b222798c2b651a8808be0970739d13357f05acf5?s=96&d=mm&r=g"},"sameAs":["http:\/\/www.gruberebs.de"]}]}},"_links":{"self":[{"href":"https:\/\/gruberebs.de\/en\/wp-json\/wp\/v2\/pages\/8377","targetHints":{"allow":["GET"]}}],"collection":[{"href":"https:\/\/gruberebs.de\/en\/wp-json\/wp\/v2\/pages"}],"about":[{"href":"https:\/\/gruberebs.de\/en\/wp-json\/wp\/v2\/types\/page"}],"author":[{"embeddable":true,"href":"https:\/\/gruberebs.de\/en\/wp-json\/wp\/v2\/users\/2"}],"replies":[{"embeddable":true,"href":"https:\/\/gruberebs.de\/en\/wp-json\/wp\/v2\/comments?post=8377"}],"version-history":[{"count":0,"href":"https:\/\/gruberebs.de\/en\/wp-json\/wp\/v2\/pages\/8377\/revisions"}],"wp:attachment":[{"href":"https:\/\/gruberebs.de\/en\/wp-json\/wp\/v2\/media?parent=8377"}],"wp:term":[{"taxonomy":"difl_page_category","embeddable":true,"href":"https:\/\/gruberebs.de\/en\/wp-json\/wp\/v2\/difl_page_category?post=8377"}],"curies":[{"name":"wp","href":"https:\/\/api.w.org\/{rel}","templated":true}]}}