{"id":8385,"date":"2016-12-02T10:45:12","date_gmt":"2016-12-02T09:45:12","guid":{"rendered":"http:\/\/gruberebs.de\/wp16\/?page_id=8385&#038;lang=en"},"modified":"2017-11-30T12:14:11","modified_gmt":"2017-11-30T11:14:11","slug":"referenzen","status":"publish","type":"page","link":"https:\/\/gruberebs.de\/en\/referenzen\/","title":{"rendered":"Referenzen"},"content":{"rendered":"<p>[et_pb_section bb_built=&#8221;1&#8243; transparent_background=&#8221;off&#8221; background_color=&#8221;rgba(255,255,255,0)&#8221; allow_player_pause=&#8221;off&#8221; inner_shadow=&#8221;off&#8221; parallax=&#8221;off&#8221; parallax_method=&#8221;on&#8221; padding_mobile=&#8221;off&#8221; make_fullwidth=&#8221;off&#8221; use_custom_width=&#8221;off&#8221; width_unit=&#8221;off&#8221; custom_width_px=&#8221;1080px&#8221; custom_width_percent=&#8221;80%&#8221; make_equal=&#8221;off&#8221; use_custom_gutter=&#8221;off&#8221; fullwidth=&#8221;on&#8221; specialty=&#8221;off&#8221; disabled=&#8221;off&#8221; custom_padding_tablet=&#8221;50px|0|50px|0&#8243; custom_padding_last_edited=&#8221;on|desktop&#8221;][et_pb_fullwidth_slider show_arrows=&#8221;on&#8221; show_pagination=&#8221;on&#8221; auto=&#8221;off&#8221; auto_speed=&#8221;7000&#8243; auto_ignore_hover=&#8221;off&#8221; parallax=&#8221;off&#8221; parallax_method=&#8221;off&#8221; remove_inner_shadow=&#8221;off&#8221; background_position=&#8221;default&#8221; background_size=&#8221;default&#8221; hide_content_on_mobile=&#8221;off&#8221; hide_cta_on_mobile=&#8221;off&#8221; show_image_video_mobile=&#8221;off&#8221; custom_button=&#8221;off&#8221; button_text_size=&#8221;20&#8243; button_letter_spacing=&#8221;0&#8243; button_use_icon=&#8221;default&#8221; button_icon_placement=&#8221;right&#8221; button_on_hover=&#8221;on&#8221; button_letter_spacing_hover=&#8221;0&#8243; disabled=&#8221;off&#8221; show_inner_shadow=&#8221;on&#8221; show_content_on_mobile=&#8221;on&#8221; show_cta_on_mobile=&#8221;on&#8221; custom_padding=&#8221;|||&#8221; custom_padding_tablet=&#8221;|||&#8221; custom_padding_phone=&#8221;|||&#8221;]<\/p>\n<p>[et_pb_slide button_link=&#8221;#&#8221; background_image=&#8221;https:\/\/gruberebs.de\/wp16\/wp-content\/uploads\/2013\/05\/Swing_Slider.jpg&#8221; background_position=&#8221;default&#8221; background_size=&#8221;default&#8221; background_color=&#8221;#ffffff&#8221; use_bg_overlay=&#8221;off&#8221; use_text_overlay=&#8221;off&#8221; alignment=&#8221;center&#8221; background_layout=&#8221;dark&#8221; allow_player_pause=&#8221;off&#8221; text_border_radius=&#8221;3&#8243; header_font=&#8221;||||&#8221; body_font=&#8221;||||&#8221; custom_button=&#8221;off&#8221; button_font=&#8221;||||&#8221; button_use_icon=&#8221;default&#8221; button_icon_placement=&#8221;right&#8221; button_on_hover=&#8221;on&#8221; disabled=&#8221;off&#8221;] [\/et_pb_slide][et_pb_slide button_link=&#8221;#&#8221; background_image=&#8221;https:\/\/gruberebs.de\/wp16\/wp-content\/uploads\/2012\/01\/Printess_Komprimiert.jpg&#8221; background_position=&#8221;default&#8221; background_size=&#8221;default&#8221; background_color=&#8221;#ffffff&#8221; use_bg_overlay=&#8221;off&#8221; use_text_overlay=&#8221;off&#8221; alignment=&#8221;center&#8221; background_layout=&#8221;dark&#8221; allow_player_pause=&#8221;off&#8221; text_border_radius=&#8221;3&#8243; header_font=&#8221;||||&#8221; body_font=&#8221;||||&#8221; custom_button=&#8221;off&#8221; button_font=&#8221;||||&#8221; button_use_icon=&#8221;default&#8221; button_icon_placement=&#8221;right&#8221; button_on_hover=&#8221;on&#8221; disabled=&#8221;off&#8221;] [\/et_pb_slide]<\/p>\n<p>[\/et_pb_fullwidth_slider][\/et_pb_section][et_pb_section bb_built=&#8221;1&#8243; admin_label=&#8221;section&#8221; transparent_background=&#8221;off&#8221; background_color=&#8221;rgba(255,255,255,0)&#8221; allow_player_pause=&#8221;off&#8221; inner_shadow=&#8221;off&#8221; parallax=&#8221;off&#8221; parallax_method=&#8221;on&#8221; padding_mobile=&#8221;off&#8221; make_fullwidth=&#8221;off&#8221; use_custom_width=&#8221;off&#8221; width_unit=&#8221;off&#8221; custom_width_px=&#8221;1080px&#8221; custom_width_percent=&#8221;80%&#8221; make_equal=&#8221;off&#8221; use_custom_gutter=&#8221;off&#8221; fullwidth=&#8221;on&#8221; specialty=&#8221;off&#8221; disabled=&#8221;off&#8221; custom_padding_tablet=&#8221;50px|0|50px|0&#8243; custom_padding_last_edited=&#8221;on|desktop&#8221;][et_pb_fullwidth_header title=&#8221;REFERENCES&#8221; subhead=&#8221;Extract from our customer references&#8221; background_layout=&#8221;light&#8221; text_orientation=&#8221;center&#8221; header_fullscreen=&#8221;off&#8221; header_scroll_down=&#8221;off&#8221; scroll_down_icon=&#8221;%%3%%&#8221; title_font_color=&#8221;#24989a&#8221; subhead_font_color=&#8221;#000000&#8243; parallax=&#8221;off&#8221; parallax_method=&#8221;off&#8221; content_orientation=&#8221;center&#8221; image_orientation=&#8221;center&#8221; title_font_size=&#8221;42px&#8221; subhead_font_size=&#8221;20px&#8221; content_font_size=&#8221;14px&#8221; custom_button_one=&#8221;off&#8221; button_one_text_size=&#8221;20&#8243; button_one_use_icon=&#8221;on&#8221; button_one_icon_placement=&#8221;right&#8221; button_one_on_hover=&#8221;on&#8221; button_one_letter_spacing_hover=&#8221;0&#8243; custom_button_two=&#8221;off&#8221; button_two_text_size=&#8221;20&#8243; button_two_use_icon=&#8221;on&#8221; button_two_icon_placement=&#8221;right&#8221; button_two_on_hover=&#8221;on&#8221; button_two_letter_spacing_hover=&#8221;0&#8243; disabled=&#8221;off&#8221; title_text_color=&#8221;#24989a&#8221; subhead_text_color=&#8221;#000000&#8243; \/][\/et_pb_section][et_pb_section bb_built=&#8221;1&#8243; admin_label=&#8221;section&#8221; transparent_background=&#8221;off&#8221; background_color=&#8221;rgba(255,255,255,0)&#8221; allow_player_pause=&#8221;off&#8221; inner_shadow=&#8221;off&#8221; parallax=&#8221;off&#8221; parallax_method=&#8221;on&#8221; custom_padding=&#8221;0px|||&#8221; padding_mobile=&#8221;on&#8221; make_fullwidth=&#8221;off&#8221; use_custom_width=&#8221;off&#8221; width_unit=&#8221;off&#8221; custom_width_px=&#8221;1080px&#8221; custom_width_percent=&#8221;80%&#8221; make_equal=&#8221;off&#8221; use_custom_gutter=&#8221;off&#8221; fullwidth=&#8221;off&#8221; specialty=&#8221;off&#8221; disabled=&#8221;off&#8221; custom_padding_tablet=&#8221;0px|||&#8221;][et_pb_row admin_label=&#8221;row&#8221; make_fullwidth=&#8221;off&#8221; use_custom_width=&#8221;off&#8221; width_unit=&#8221;off&#8221; custom_width_px=&#8221;1080px&#8221; custom_width_percent=&#8221;80%&#8221; use_custom_gutter=&#8221;off&#8221; gutter_width=&#8221;3&#8243; custom_padding=&#8221;0px|||&#8221; padding_mobile=&#8221;on&#8221; allow_player_pause=&#8221;off&#8221; parallax=&#8221;off&#8221; parallax_method=&#8221;on&#8221; make_equal=&#8221;off&#8221; column_padding_mobile=&#8221;on&#8221; parallax_1=&#8221;off&#8221; parallax_method_1=&#8221;on&#8221; parallax_2=&#8221;off&#8221; parallax_method_2=&#8221;on&#8221; parallax_3=&#8221;off&#8221; parallax_method_3=&#8221;on&#8221; parallax_4=&#8221;off&#8221; parallax_method_4=&#8221;on&#8221; custom_margin_phone=&#8221;||30px|&#8221; custom_margin_last_edited=&#8221;on|phone&#8221; disabled=&#8221;off&#8221; background_position=&#8221;top_left&#8221; background_repeat=&#8221;repeat&#8221; background_size=&#8221;initial&#8221;][et_pb_column type=&#8221;1_3&#8243;][et_pb_text background_layout=&#8221;light&#8221; text_orientation=&#8221;left&#8221; text_text_color=&#8221;#ffffff&#8221; background_color=&#8221;#24989a&#8221; use_border_color=&#8221;off&#8221; border_style=&#8221;solid&#8221; custom_padding=&#8221;20px|30px|20px|23px&#8221; disabled=&#8221;off&#8221; background_position=&#8221;top_left&#8221; background_repeat=&#8221;repeat&#8221; background_size=&#8221;initial&#8221;]<\/p>\n<p>ABB<br \/>Agfa<br \/>Allg\u00e4u Milch K\u00e4se<br \/>Autoliv<br \/>Bachl D\u00e4mmstoffe<br \/>BASF<br \/>Baumer Elektrik<br \/>Bayer Leverkusen<br \/>Belimo Automation<br \/>Bernbacher Nudeln<br \/>Biebelhausener M\u00fchle<br \/>Biologische Heilmittel Heel<br \/>BMW<br \/>B\u00f6hringer Ingelheim<br \/>Busch J\u00e4ger Elektro<br \/>CC Pharma<br \/>CLARIANT<br \/>Continental<br \/>Coca Cola<br \/>COOP<br \/>Drogerie Markt M\u00fcller<br \/>DSV<br \/>Faurecia<br \/>Egger S\u00e4gewerk<br \/>Eternit<br \/>Federal Mogul<br \/>Fehrer<br \/>Gambro Dialysatoren<br \/>Good Year\/Dunlop<br \/>Haribo<br \/>Haupt Pharma Amareg<\/p>\n<p>[\/et_pb_text][\/et_pb_column][et_pb_column type=&#8221;1_3&#8243;][et_pb_text background_layout=&#8221;light&#8221; text_orientation=&#8221;left&#8221; text_text_color=&#8221;#ffffff&#8221; background_color=&#8221;#24989a&#8221; use_border_color=&#8221;off&#8221; border_style=&#8221;solid&#8221; custom_padding=&#8221;20px|30px|20px|23px&#8221; disabled=&#8221;off&#8221; background_position=&#8221;top_left&#8221; background_repeat=&#8221;repeat&#8221; background_size=&#8221;initial&#8221;]<\/p>\n<p>Heidelberg Cement<br \/>Heraeus Kulzer<br \/>Pfeiffer Holzindustrie<br \/>Hilti<br \/>Hochwald Sprudel<br \/>Intigena<br \/>Johnson Controls<br \/>Johnson &#038; Johnson<br \/>KABUCO<br \/>K\u00e4rcher<br \/>Knauf<br \/>KOB<br \/>Krones AG<br \/>KUKA Systems<br \/>LEONI<br \/>Lessmann<br \/>Lukas Erzett<br \/>Manuli Stretch<br \/>Marker Skibindungen<br \/>Mayr Melnhof<br \/>Merckle &#8211; Ratiopharm<br \/>Metzner Maschinenbau<br \/>MSK Maschinenbau<br \/>Novartis<br \/>Oechsler AG<br \/>\u00d6BB<br \/>Pepperl &#038; Fuchs<br \/>Phoenix Contact<br \/>Pirelli<br \/>Power Cast System   <\/p>\n<p>[\/et_pb_text][\/et_pb_column][et_pb_column type=&#8221;1_3&#8243;][et_pb_text background_layout=&#8221;light&#8221; text_text_color=&#8221;#ffffff&#8221; background_color=&#8221;#24989a&#8221; use_border_color=&#8221;off&#8221; border_style=&#8221;solid&#8221; custom_padding=&#8221;20px|30px|20px|23px&#8221; disabled=&#8221;off&#8221; background_position=&#8221;top_left&#8221; background_repeat=&#8221;repeat&#8221; background_size=&#8221;initial&#8221; _builder_version=&#8221;3.0.89&#8243;]<\/p>\n<p>Procter &amp; Gamble<br \/>Radeberger Gruppe<br \/>Ravensburger Spiele<br \/>Riegler<br \/>SANIT<br \/>Schneider Holzwerke<br \/>Schreiner ProTech<br \/>Schw\u00f6rer Haus<br \/>Seeberger<br \/>Sofidel<br \/>SGL Carbon<br \/>SKF<br \/>SICK<br \/>Siemens Automation &amp; Drives<br \/>Siemens Logistik &amp; Assembly<br \/>Sika Chemie<br \/>Stihl<br \/>SUSPA<br \/>TyssenKrupp Systems<br \/>TYCO<br \/>Unisto<br \/>UTZ<br \/>V\u00f6lkl Ski<br \/>Volkswagen<br \/>Wago Kontakttechnik<br \/>Walther Faltbox<br \/>Weleda<br \/>Wepa Papierfabrik<br \/>Wehrle<br \/>Weltbildverlag <\/p>\n<p>[\/et_pb_text][\/et_pb_column][\/et_pb_row][\/et_pb_section]<\/p>\n","protected":false},"excerpt":{"rendered":"<p>ABBAgfaAllg\u00e4u Milch K\u00e4seAutolivBachl D\u00e4mmstoffeBASFBaumer ElektrikBayer LeverkusenBelimo AutomationBernbacher NudelnBiebelhausener M\u00fchleBiologische Heilmittel HeelBMWB\u00f6hringer IngelheimBusch J\u00e4ger ElektroCC PharmaCLARIANTContinentalCoca ColaCOOPDrogerie Markt M\u00fcllerDSVFaureciaEgger S\u00e4gewerkEternitFederal MogulFehrerGambro DialysatorenGood Year\/DunlopHariboHaupt Pharma Amareg Heidelberg CementHeraeus KulzerPfeiffer HolzindustrieHiltiHochwald SprudelIntigenaJohnson ControlsJohnson &#038; JohnsonKABUCOK\u00e4rcherKnaufKOBKrones AGKUKA SystemsLEONILessmannLukas ErzettManuli StretchMarker SkibindungenMayr MelnhofMerckle &#8211; RatiopharmMetzner MaschinenbauMSK MaschinenbauNovartisOechsler AG\u00d6BBPepperl &#038; FuchsPhoenix ContactPirelliPower Cast System Procter &amp; GambleRadeberger GruppeRavensburger SpieleRieglerSANITSchneider HolzwerkeSchreiner ProTechSchw\u00f6rer [&hellip;]<\/p>\n","protected":false},"author":2,"featured_media":0,"parent":0,"menu_order":20,"comment_status":"closed","ping_status":"closed","template":"","meta":{"_et_pb_use_builder":"on","_et_pb_old_content":"<table border=\"0\"><tbody><tr><td colspan=\"5\"><p><b>Auszug aus unseren Kunden-Referenzen<\/b><\/p><\/td><\/tr><tr><td valign=\"top\">ABB<br \/>Agfa<br \/>Autoliv<br \/>Bachl D\u00e4mmstoffe<br \/>BASF<br \/>Baumer Elektrik<br \/>Bayer<br \/>Belimo Automation<br \/>Bernbacher Nudeln<br \/>Biebelhausener M\u00fchle<br \/>Biologische Heilmittel Heel<br \/>Biotest Pharma<br \/>BMW<br \/>B\u00f6hringer Ingelheim<br \/>BULU<br \/>Busch J\u00e4ger Elektro<br \/>CC Pharma<br \/>CLARIANT<br \/>Continental<br \/>Coca Cola<br \/>Drogerie Markt M\u00fcller<br \/>DSV<br \/>DuPont<br \/>Faurecia<br \/>Egger S\u00e4gewerk<br \/>Eternit<br \/>Federal Mogul<br \/>Fehrer<br \/>Gambro Dialysatoren<br \/>Good Year\/Dunlop<br \/>Haribo<br \/>Haupt Pharma Amareg<\/td><td>\u00a0<\/td><td valign=\"top\">Heidelberg Cement<br \/>Heraeus Kulzer<br \/>H\u00f6rmann Tore<br \/>Pfeiffer Holzindustrie<br \/>Helsa Werke<br \/>Hilti<br \/>Hochwald Sprudel<br \/>H\u00f6rmann Tore<br \/>Intigena<br \/>Johnson Controls<br \/>Johnson & Johnson<br \/>KABUCO<br \/>K\u00e4rcher<br \/>Knauf<br \/>KOB<br \/>Krones AG<br \/>KUKA Systems<br \/>LEONI<br \/>Lessmann<br \/>Manuli Stretch<br \/>Marker Skibindungen<br \/>Mayr Melnhof<br \/>Merckle - Ratiopharm<br \/>Metzner Maschinenbau<br \/>MSK Maschinenbau<br \/>Novartis<br \/>\u00d6BB<br \/>Octapharma<br \/>Pannificio Veritas<br \/>Pascoe<br \/>Pepperl & Fuchs<br \/>Phoenix Contact<\/td><td>\u00a0<\/td><td valign=\"top\">Pirelli<br \/>Polystone<br \/>Power Cast System<br \/>Procter & Gamble<br \/>Ravensburger Spiele<br \/>Riegler<br \/>SANIT<br \/>Schreiner Protec<br \/>Schw\u00f6rer Haus<br \/>Serag Wiessner<br \/>SGL Carbon<br \/>SKF<br \/>SICK<br \/>Siemens Automation & Drives<br \/>Siemens Logistik & Assembly<br \/>Sika Chemie<br \/>Silhouette<br \/>Stute Nahrungsmittel<br \/>SULO<br \/>SUSPA<br \/>Timbertec<br \/>Tridonic<br \/>TyssenKrupp Systems<br \/>TYCO<br \/>Unisto<br \/>V\u00f6lkl Ski<br \/>Volkswagen<br \/>Wago Kontakttechnik<br \/>Wepa Papierfabrik<br \/>Wehrle<br \/>Weltbildverlag<br \/>Wolford<\/td><\/tr><\/tbody><\/table><p>\u00a0<\/p><p>\u00a0<\/p>","_et_gb_content_width":"","footnotes":""},"difl_page_category":[],"class_list":["post-8385","page","type-page","status-publish","hentry"],"yoast_head":"<!-- This site is optimized with the Yoast SEO plugin v27.3 - https:\/\/yoast.com\/product\/yoast-seo-wordpress\/ -->\n<title>Referenzen &#8211; Gruber GmbH<\/title>\n<meta name=\"robots\" content=\"index, follow, max-snippet:-1, max-image-preview:large, max-video-preview:-1\" \/>\n<link rel=\"canonical\" href=\"https:\/\/gruberebs.de\/referenzen\/?lang=en\" \/>\n<meta property=\"og:locale\" content=\"en_US\" \/>\n<meta property=\"og:type\" content=\"article\" \/>\n<meta property=\"og:title\" content=\"Referenzen &#8211; Gruber GmbH\" \/>\n<meta property=\"og:description\" content=\"ABBAgfaAllg\u00e4u Milch K\u00e4seAutolivBachl D\u00e4mmstoffeBASFBaumer ElektrikBayer LeverkusenBelimo AutomationBernbacher NudelnBiebelhausener M\u00fchleBiologische Heilmittel HeelBMWB\u00f6hringer IngelheimBusch J\u00e4ger ElektroCC PharmaCLARIANTContinentalCoca ColaCOOPDrogerie Markt M\u00fcllerDSVFaureciaEgger S\u00e4gewerkEternitFederal MogulFehrerGambro DialysatorenGood Year\/DunlopHariboHaupt Pharma Amareg Heidelberg CementHeraeus KulzerPfeiffer HolzindustrieHiltiHochwald SprudelIntigenaJohnson ControlsJohnson &amp; JohnsonKABUCOK\u00e4rcherKnaufKOBKrones AGKUKA SystemsLEONILessmannLukas ErzettManuli StretchMarker SkibindungenMayr MelnhofMerckle - RatiopharmMetzner MaschinenbauMSK MaschinenbauNovartisOechsler AG\u00d6BBPepperl &amp; FuchsPhoenix ContactPirelliPower Cast System Procter &amp; GambleRadeberger GruppeRavensburger SpieleRieglerSANITSchneider HolzwerkeSchreiner ProTechSchw\u00f6rer [&hellip;]\" \/>\n<meta property=\"og:url\" content=\"https:\/\/gruberebs.de\/referenzen\/?lang=en\" \/>\n<meta property=\"og:site_name\" content=\"Gruber GmbH\" \/>\n<meta property=\"article:modified_time\" content=\"2017-11-30T11:14:11+00:00\" \/>\n<meta name=\"twitter:card\" content=\"summary_large_image\" \/>\n<meta name=\"twitter:label1\" content=\"Est. reading time\" \/>\n\t<meta name=\"twitter:data1\" content=\"5 minutes\" \/>\n<script type=\"application\/ld+json\" class=\"yoast-schema-graph\">{\"@context\":\"https:\\\/\\\/schema.org\",\"@graph\":[{\"@type\":\"WebPage\",\"@id\":\"https:\\\/\\\/gruberebs.de\\\/referenzen\\\/?lang=en\",\"url\":\"https:\\\/\\\/gruberebs.de\\\/referenzen\\\/?lang=en\",\"name\":\"Referenzen &#8211; Gruber GmbH\",\"isPartOf\":{\"@id\":\"https:\\\/\\\/gruberebs.de\\\/#website\"},\"datePublished\":\"2016-12-02T09:45:12+00:00\",\"dateModified\":\"2017-11-30T11:14:11+00:00\",\"breadcrumb\":{\"@id\":\"https:\\\/\\\/gruberebs.de\\\/referenzen\\\/?lang=en#breadcrumb\"},\"inLanguage\":\"en-US\",\"potentialAction\":[{\"@type\":\"ReadAction\",\"target\":[\"https:\\\/\\\/gruberebs.de\\\/referenzen\\\/?lang=en\"]}]},{\"@type\":\"BreadcrumbList\",\"@id\":\"https:\\\/\\\/gruberebs.de\\\/referenzen\\\/?lang=en#breadcrumb\",\"itemListElement\":[{\"@type\":\"ListItem\",\"position\":1,\"name\":\"Startseite\",\"item\":\"https:\\\/\\\/gruberebs.de\\\/?lang=en\"},{\"@type\":\"ListItem\",\"position\":2,\"name\":\"Referenzen\"}]},{\"@type\":\"WebSite\",\"@id\":\"https:\\\/\\\/gruberebs.de\\\/#website\",\"url\":\"https:\\\/\\\/gruberebs.de\\\/\",\"name\":\"Gruber GmbH\",\"description\":\"Die Profis f\u00fcr Etikettier-, Codier- und Druckl\u00f6sungen\",\"publisher\":{\"@id\":\"https:\\\/\\\/gruberebs.de\\\/#\\\/schema\\\/person\\\/8133811c0bd00dd421d5cefe800157d8\"},\"potentialAction\":[{\"@type\":\"SearchAction\",\"target\":{\"@type\":\"EntryPoint\",\"urlTemplate\":\"https:\\\/\\\/gruberebs.de\\\/?s={search_term_string}\"},\"query-input\":{\"@type\":\"PropertyValueSpecification\",\"valueRequired\":true,\"valueName\":\"search_term_string\"}}],\"inLanguage\":\"en-US\"},{\"@type\":[\"Person\",\"Organization\"],\"@id\":\"https:\\\/\\\/gruberebs.de\\\/#\\\/schema\\\/person\\\/8133811c0bd00dd421d5cefe800157d8\",\"name\":\"Frank Gruber\",\"image\":{\"@type\":\"ImageObject\",\"inLanguage\":\"en-US\",\"@id\":\"https:\\\/\\\/secure.gravatar.com\\\/avatar\\\/722e8ac7d054e918f8823780b222798c2b651a8808be0970739d13357f05acf5?s=96&d=mm&r=g\",\"url\":\"https:\\\/\\\/secure.gravatar.com\\\/avatar\\\/722e8ac7d054e918f8823780b222798c2b651a8808be0970739d13357f05acf5?s=96&d=mm&r=g\",\"contentUrl\":\"https:\\\/\\\/secure.gravatar.com\\\/avatar\\\/722e8ac7d054e918f8823780b222798c2b651a8808be0970739d13357f05acf5?s=96&d=mm&r=g\",\"caption\":\"Frank Gruber\"},\"logo\":{\"@id\":\"https:\\\/\\\/secure.gravatar.com\\\/avatar\\\/722e8ac7d054e918f8823780b222798c2b651a8808be0970739d13357f05acf5?s=96&d=mm&r=g\"},\"sameAs\":[\"http:\\\/\\\/www.gruberebs.de\"]}]}<\/script>\n<!-- \/ Yoast SEO plugin. -->","yoast_head_json":{"title":"Referenzen &#8211; Gruber GmbH","robots":{"index":"index","follow":"follow","max-snippet":"max-snippet:-1","max-image-preview":"max-image-preview:large","max-video-preview":"max-video-preview:-1"},"canonical":"https:\/\/gruberebs.de\/referenzen\/?lang=en","og_locale":"en_US","og_type":"article","og_title":"Referenzen &#8211; Gruber GmbH","og_description":"ABBAgfaAllg\u00e4u Milch K\u00e4seAutolivBachl D\u00e4mmstoffeBASFBaumer ElektrikBayer LeverkusenBelimo AutomationBernbacher NudelnBiebelhausener M\u00fchleBiologische Heilmittel HeelBMWB\u00f6hringer IngelheimBusch J\u00e4ger ElektroCC PharmaCLARIANTContinentalCoca ColaCOOPDrogerie Markt M\u00fcllerDSVFaureciaEgger S\u00e4gewerkEternitFederal MogulFehrerGambro DialysatorenGood Year\/DunlopHariboHaupt Pharma Amareg Heidelberg CementHeraeus KulzerPfeiffer HolzindustrieHiltiHochwald SprudelIntigenaJohnson ControlsJohnson & JohnsonKABUCOK\u00e4rcherKnaufKOBKrones AGKUKA SystemsLEONILessmannLukas ErzettManuli StretchMarker SkibindungenMayr MelnhofMerckle - RatiopharmMetzner MaschinenbauMSK MaschinenbauNovartisOechsler AG\u00d6BBPepperl & FuchsPhoenix ContactPirelliPower Cast System Procter &amp; GambleRadeberger GruppeRavensburger SpieleRieglerSANITSchneider HolzwerkeSchreiner ProTechSchw\u00f6rer [&hellip;]","og_url":"https:\/\/gruberebs.de\/referenzen\/?lang=en","og_site_name":"Gruber GmbH","article_modified_time":"2017-11-30T11:14:11+00:00","twitter_card":"summary_large_image","twitter_misc":{"Est. reading time":"5 minutes"},"schema":{"@context":"https:\/\/schema.org","@graph":[{"@type":"WebPage","@id":"https:\/\/gruberebs.de\/referenzen\/?lang=en","url":"https:\/\/gruberebs.de\/referenzen\/?lang=en","name":"Referenzen &#8211; Gruber GmbH","isPartOf":{"@id":"https:\/\/gruberebs.de\/#website"},"datePublished":"2016-12-02T09:45:12+00:00","dateModified":"2017-11-30T11:14:11+00:00","breadcrumb":{"@id":"https:\/\/gruberebs.de\/referenzen\/?lang=en#breadcrumb"},"inLanguage":"en-US","potentialAction":[{"@type":"ReadAction","target":["https:\/\/gruberebs.de\/referenzen\/?lang=en"]}]},{"@type":"BreadcrumbList","@id":"https:\/\/gruberebs.de\/referenzen\/?lang=en#breadcrumb","itemListElement":[{"@type":"ListItem","position":1,"name":"Startseite","item":"https:\/\/gruberebs.de\/?lang=en"},{"@type":"ListItem","position":2,"name":"Referenzen"}]},{"@type":"WebSite","@id":"https:\/\/gruberebs.de\/#website","url":"https:\/\/gruberebs.de\/","name":"Gruber GmbH","description":"Die Profis f\u00fcr Etikettier-, Codier- und Druckl\u00f6sungen","publisher":{"@id":"https:\/\/gruberebs.de\/#\/schema\/person\/8133811c0bd00dd421d5cefe800157d8"},"potentialAction":[{"@type":"SearchAction","target":{"@type":"EntryPoint","urlTemplate":"https:\/\/gruberebs.de\/?s={search_term_string}"},"query-input":{"@type":"PropertyValueSpecification","valueRequired":true,"valueName":"search_term_string"}}],"inLanguage":"en-US"},{"@type":["Person","Organization"],"@id":"https:\/\/gruberebs.de\/#\/schema\/person\/8133811c0bd00dd421d5cefe800157d8","name":"Frank Gruber","image":{"@type":"ImageObject","inLanguage":"en-US","@id":"https:\/\/secure.gravatar.com\/avatar\/722e8ac7d054e918f8823780b222798c2b651a8808be0970739d13357f05acf5?s=96&d=mm&r=g","url":"https:\/\/secure.gravatar.com\/avatar\/722e8ac7d054e918f8823780b222798c2b651a8808be0970739d13357f05acf5?s=96&d=mm&r=g","contentUrl":"https:\/\/secure.gravatar.com\/avatar\/722e8ac7d054e918f8823780b222798c2b651a8808be0970739d13357f05acf5?s=96&d=mm&r=g","caption":"Frank Gruber"},"logo":{"@id":"https:\/\/secure.gravatar.com\/avatar\/722e8ac7d054e918f8823780b222798c2b651a8808be0970739d13357f05acf5?s=96&d=mm&r=g"},"sameAs":["http:\/\/www.gruberebs.de"]}]}},"_links":{"self":[{"href":"https:\/\/gruberebs.de\/en\/wp-json\/wp\/v2\/pages\/8385","targetHints":{"allow":["GET"]}}],"collection":[{"href":"https:\/\/gruberebs.de\/en\/wp-json\/wp\/v2\/pages"}],"about":[{"href":"https:\/\/gruberebs.de\/en\/wp-json\/wp\/v2\/types\/page"}],"author":[{"embeddable":true,"href":"https:\/\/gruberebs.de\/en\/wp-json\/wp\/v2\/users\/2"}],"replies":[{"embeddable":true,"href":"https:\/\/gruberebs.de\/en\/wp-json\/wp\/v2\/comments?post=8385"}],"version-history":[{"count":1,"href":"https:\/\/gruberebs.de\/en\/wp-json\/wp\/v2\/pages\/8385\/revisions"}],"predecessor-version":[{"id":9242,"href":"https:\/\/gruberebs.de\/en\/wp-json\/wp\/v2\/pages\/8385\/revisions\/9242"}],"wp:attachment":[{"href":"https:\/\/gruberebs.de\/en\/wp-json\/wp\/v2\/media?parent=8385"}],"wp:term":[{"taxonomy":"difl_page_category","embeddable":true,"href":"https:\/\/gruberebs.de\/en\/wp-json\/wp\/v2\/difl_page_category?post=8385"}],"curies":[{"name":"wp","href":"https:\/\/api.w.org\/{rel}","templated":true}]}}