{"id":8418,"date":"2016-12-02T12:37:42","date_gmt":"2016-12-02T11:37:42","guid":{"rendered":"http:\/\/gruberebs.de\/wp16\/?page_id=8418&#038;lang=en"},"modified":"2016-12-02T15:32:02","modified_gmt":"2016-12-02T14:32:02","slug":"direktdruck","status":"publish","type":"page","link":"https:\/\/gruberebs.de\/en\/produkte\/direktdruck\/","title":{"rendered":"Direktdruck"},"content":{"rendered":"<p>[et_pb_section transparent_background=&#8221;off&#8221; background_color=&#8221;rgba(255,255,255,0)&#8221; allow_player_pause=&#8221;off&#8221; inner_shadow=&#8221;off&#8221; parallax=&#8221;off&#8221; parallax_method=&#8221;on&#8221; padding_mobile=&#8221;off&#8221; make_fullwidth=&#8221;off&#8221; use_custom_width=&#8221;off&#8221; width_unit=&#8221;off&#8221; custom_width_px=&#8221;1080px&#8221; custom_width_percent=&#8221;80%&#8221; make_equal=&#8221;off&#8221; use_custom_gutter=&#8221;off&#8221; fullwidth=&#8221;on&#8221; specialty=&#8221;off&#8221; admin_label=&#8221;Sektion&#8221; disabled=&#8221;off&#8221;][et_pb_fullwidth_slider show_arrows=&#8221;on&#8221; show_pagination=&#8221;on&#8221; auto=&#8221;off&#8221; auto_speed=&#8221;7000&#8243; auto_ignore_hover=&#8221;off&#8221; parallax=&#8221;off&#8221; parallax_method=&#8221;off&#8221; remove_inner_shadow=&#8221;off&#8221; background_position=&#8221;default&#8221; background_size=&#8221;default&#8221; hide_content_on_mobile=&#8221;off&#8221; hide_cta_on_mobile=&#8221;off&#8221; show_image_video_mobile=&#8221;off&#8221; admin_label=&#8221;Vollbreiter Slider&#8221; custom_button=&#8221;off&#8221; button_text_size=&#8221;20&#8243; button_letter_spacing=&#8221;0&#8243; button_use_icon=&#8221;default&#8221; button_icon_placement=&#8221;right&#8221; button_on_hover=&#8221;on&#8221; button_letter_spacing_hover=&#8221;0&#8243; disabled=&#8221;off&#8221;][et_pb_slide button_link=&#8221;#&#8221; background_image=&#8221;https:\/\/gruberebs.de\/wp16\/wp-content\/uploads\/2013\/05\/Swing_Slider.jpg&#8221; background_position=&#8221;default&#8221; background_size=&#8221;default&#8221; background_color=&#8221;#ffffff&#8221; use_bg_overlay=&#8221;off&#8221; use_text_overlay=&#8221;off&#8221; alignment=&#8221;center&#8221; background_layout=&#8221;dark&#8221; allow_player_pause=&#8221;off&#8221; text_border_radius=&#8221;3&#8243; header_font=&#8221;||||&#8221; body_font=&#8221;||||&#8221; custom_button=&#8221;off&#8221; button_font=&#8221;||||&#8221; button_use_icon=&#8221;default&#8221; button_icon_placement=&#8221;right&#8221; button_on_hover=&#8221;on&#8221; disabled=&#8221;off&#8221;] [\/et_pb_slide][et_pb_slide button_link=&#8221;#&#8221; background_image=&#8221;https:\/\/gruberebs.de\/wp16\/wp-content\/uploads\/2013\/07\/Coditherm_Slider.jpg&#8221; background_position=&#8221;default&#8221; background_size=&#8221;default&#8221; background_color=&#8221;#ffffff&#8221; use_bg_overlay=&#8221;off&#8221; use_text_overlay=&#8221;off&#8221; alignment=&#8221;center&#8221; background_layout=&#8221;dark&#8221; allow_player_pause=&#8221;off&#8221; text_border_radius=&#8221;3&#8243; header_font=&#8221;||||&#8221; body_font=&#8221;||||&#8221; custom_button=&#8221;off&#8221; button_font=&#8221;||||&#8221; button_use_icon=&#8221;default&#8221; button_icon_placement=&#8221;right&#8221; button_on_hover=&#8221;on&#8221; disabled=&#8221;off&#8221;] [\/et_pb_slide][\/et_pb_fullwidth_slider][\/et_pb_section][et_pb_section transparent_background=&#8221;off&#8221; background_color=&#8221;rgba(255,255,255,0)&#8221; allow_player_pause=&#8221;off&#8221; inner_shadow=&#8221;off&#8221; parallax=&#8221;off&#8221; parallax_method=&#8221;on&#8221; padding_mobile=&#8221;off&#8221; make_fullwidth=&#8221;off&#8221; use_custom_width=&#8221;off&#8221; width_unit=&#8221;off&#8221; custom_width_px=&#8221;1080px&#8221; custom_width_percent=&#8221;80%&#8221; make_equal=&#8221;off&#8221; use_custom_gutter=&#8221;off&#8221; fullwidth=&#8221;on&#8221; specialty=&#8221;off&#8221; admin_label=&#8221;section&#8221; disabled=&#8221;off&#8221;][et_pb_fullwidth_header title=&#8221;DIRECT PRINT&#8221; background_layout=&#8221;light&#8221; text_orientation=&#8221;center&#8221; header_fullscreen=&#8221;off&#8221; header_scroll_down=&#8221;off&#8221; scroll_down_icon=&#8221;%%3%%&#8221; title_font_color=&#8221;#24989a&#8221; subhead_font_color=&#8221;#000000&#8243; parallax=&#8221;off&#8221; parallax_method=&#8221;off&#8221; content_orientation=&#8221;center&#8221; image_orientation=&#8221;center&#8221; admin_label=&#8221;Vollbreite Kopfzeile&#8221; title_font_size=&#8221;42px&#8221; subhead_font_size=&#8221;20px&#8221; content_font_size=&#8221;14px&#8221; custom_button_one=&#8221;off&#8221; button_one_text_size=&#8221;20&#8243; button_one_use_icon=&#8221;on&#8221; button_one_icon_placement=&#8221;right&#8221; button_one_on_hover=&#8221;on&#8221; button_one_letter_spacing_hover=&#8221;0&#8243; custom_button_two=&#8221;off&#8221; button_two_text_size=&#8221;20&#8243; button_two_use_icon=&#8221;on&#8221; button_two_icon_placement=&#8221;right&#8221; button_two_on_hover=&#8221;on&#8221; button_two_letter_spacing_hover=&#8221;0&#8243; disabled=&#8221;off&#8221;]<\/p>\n<p>[\/et_pb_fullwidth_header][\/et_pb_section][et_pb_section transparent_background=&#8221;off&#8221; background_color=&#8221;rgba(255,255,255,0)&#8221; allow_player_pause=&#8221;off&#8221; inner_shadow=&#8221;off&#8221; parallax=&#8221;off&#8221; parallax_method=&#8221;on&#8221; custom_padding=&#8221;0px|||&#8221; padding_mobile=&#8221;off&#8221; make_fullwidth=&#8221;off&#8221; use_custom_width=&#8221;off&#8221; width_unit=&#8221;off&#8221; custom_width_px=&#8221;1080px&#8221; custom_width_percent=&#8221;80%&#8221; make_equal=&#8221;off&#8221; use_custom_gutter=&#8221;off&#8221; fullwidth=&#8221;off&#8221; specialty=&#8221;off&#8221; admin_label=&#8221;Sektion&#8221; disabled=&#8221;off&#8221;][et_pb_row make_fullwidth=&#8221;off&#8221; use_custom_width=&#8221;off&#8221; width_unit=&#8221;off&#8221; custom_width_px=&#8221;1080px&#8221; custom_width_percent=&#8221;80%&#8221; use_custom_gutter=&#8221;off&#8221; gutter_width=&#8221;3&#8243; custom_padding=&#8221;0px|0px|27px|0px&#8221; padding_mobile=&#8221;off&#8221; allow_player_pause=&#8221;off&#8221; parallax=&#8221;off&#8221; parallax_method=&#8221;on&#8221; make_equal=&#8221;off&#8221; column_padding_mobile=&#8221;on&#8221; parallax_1=&#8221;off&#8221; parallax_method_1=&#8221;on&#8221; parallax_2=&#8221;off&#8221; parallax_method_2=&#8221;on&#8221; parallax_3=&#8221;off&#8221; parallax_method_3=&#8221;on&#8221; parallax_4=&#8221;off&#8221; parallax_method_4=&#8221;on&#8221; admin_label=&#8221;Zeile&#8221; custom_margin_tablet=&#8221;||0px|&#8221; custom_margin_last_edited=&#8221;on|tablet&#8221; disabled=&#8221;off&#8221;][et_pb_column type=&#8221;1_2&#8243; disabled=&#8221;off&#8221; parallax=&#8221;off&#8221; parallax_method=&#8221;on&#8221; column_padding_mobile=&#8221;on&#8221;][et_pb_image src=&#8221;https:\/\/gruberebs.de\/wp16\/wp-content\/uploads\/2012\/01\/Coditherm_Hintergrund_Home_Komprimiert-1.jpg&#8221; show_in_lightbox=&#8221;off&#8221; url=&#8221;https:\/\/gruberebs.de\/wp16\/direktdruck\/coditherm\/?lang=en&#8221; url_new_window=&#8221;off&#8221; use_overlay=&#8221;off&#8221; animation=&#8221;off&#8221; sticky=&#8221;off&#8221; align=&#8221;center&#8221; force_fullwidth=&#8221;off&#8221; always_center_on_mobile=&#8221;on&#8221; admin_label=&#8221;Bild&#8221; use_border_color=&#8221;on&#8221; border_color=&#8221;#20989c&#8221; border_width=&#8221;2px&#8221; border_style=&#8221;solid&#8221; disabled=&#8221;off&#8221;]<\/p>\n<p>[\/et_pb_image][et_pb_text background_layout=&#8221;light&#8221; text_orientation=&#8221;left&#8221; admin_label=&#8221;Text&#8221; text_font_size=&#8221;24px&#8221; text_text_color=&#8221;#000000&#8243; use_border_color=&#8221;off&#8221; border_style=&#8221;solid&#8221; custom_margin=&#8221;||10px|&#8221; disabled=&#8221;off&#8221;]<\/p>\n<p><strong>Coditherm<br \/>\n<\/strong><\/p>\n<p>[\/et_pb_text][et_pb_text background_layout=&#8221;light&#8221; text_orientation=&#8221;left&#8221; admin_label=&#8221;Text&#8221; text_text_color=&#8221;#000000&#8243; background_color=&#8221;#20989c&#8221; use_border_color=&#8221;off&#8221; border_style=&#8221;solid&#8221; custom_margin=&#8221;||5px|&#8221; custom_margin_tablet=&#8221;||30px|&#8221; custom_margin_phone=&#8221;||30px|&#8221; custom_margin_last_edited=&#8221;on|tablet&#8221; custom_padding=&#8221;10px|20px|10px|20px&#8221; disabled=&#8221;off&#8221;]<\/p>\n<p><span style=\"color: #ffffff;\">Thermo-Transfer Printer for Carton boxes, Plastic bags, Electrical Components and Wood<br \/>\n<\/span><\/p>\n<p>[\/et_pb_text][\/et_pb_column][et_pb_column type=&#8221;1_2&#8243; disabled=&#8221;off&#8221; parallax=&#8221;off&#8221; parallax_method=&#8221;on&#8221; column_padding_mobile=&#8221;on&#8221;][et_pb_image src=&#8221;https:\/\/gruberebs.de\/wp16\/wp-content\/uploads\/2013\/06\/Swing.jpg&#8221; show_in_lightbox=&#8221;off&#8221; url=&#8221;https:\/\/gruberebs.de\/wp16\/direktdruck\/swing\/?lang=en&#8221; url_new_window=&#8221;off&#8221; use_overlay=&#8221;off&#8221; animation=&#8221;off&#8221; sticky=&#8221;off&#8221; align=&#8221;center&#8221; force_fullwidth=&#8221;off&#8221; always_center_on_mobile=&#8221;on&#8221; admin_label=&#8221;Bild&#8221; use_border_color=&#8221;on&#8221; border_color=&#8221;#20989c&#8221; border_width=&#8221;2px&#8221; border_style=&#8221;solid&#8221; custom_margin_tablet=&#8221;10px|||&#8221; custom_margin_last_edited=&#8221;on|tablet&#8221; disabled=&#8221;off&#8221;]<\/p>\n<p>[\/et_pb_image][et_pb_text background_layout=&#8221;light&#8221; text_orientation=&#8221;left&#8221; admin_label=&#8221;Text&#8221; text_font_size=&#8221;24px&#8221; text_text_color=&#8221;#000000&#8243; use_border_color=&#8221;off&#8221; border_style=&#8221;solid&#8221; custom_margin=&#8221;||10px|&#8221; disabled=&#8221;off&#8221;]<\/p>\n<p><strong>Swing<br \/>\n<\/strong><\/p>\n<p>[\/et_pb_text][et_pb_text background_layout=&#8221;light&#8221; text_orientation=&#8221;left&#8221; admin_label=&#8221;Text&#8221; text_text_color=&#8221;#000000&#8243; background_color=&#8221;#20989c&#8221; use_border_color=&#8221;off&#8221; border_style=&#8221;solid&#8221; custom_margin=&#8221;||5px|&#8221; custom_margin_tablet=&#8221;||0px|&#8221; custom_margin_last_edited=&#8221;on|tablet&#8221; custom_padding=&#8221;10px|20px|10px|20px&#8221; disabled=&#8221;off&#8221;]<\/p>\n<p><span style=\"color: #ffffff;\">Thermo-Transfer-Printer for Printing on Plastic or Paper Film used in packaging machines or individual packs.<br \/>\n<\/span><\/p>\n<p>[\/et_pb_text][\/et_pb_column][\/et_pb_row][et_pb_row make_fullwidth=&#8221;off&#8221; use_custom_width=&#8221;off&#8221; width_unit=&#8221;off&#8221; custom_width_px=&#8221;1080px&#8221; custom_width_percent=&#8221;80%&#8221; use_custom_gutter=&#8221;off&#8221; gutter_width=&#8221;3&#8243; custom_padding=&#8221;0px|||&#8221; padding_mobile=&#8221;off&#8221; allow_player_pause=&#8221;off&#8221; parallax=&#8221;off&#8221; parallax_method=&#8221;on&#8221; make_equal=&#8221;off&#8221; column_padding_mobile=&#8221;on&#8221; parallax_1=&#8221;off&#8221; parallax_method_1=&#8221;on&#8221; parallax_2=&#8221;off&#8221; parallax_method_2=&#8221;on&#8221; parallax_3=&#8221;off&#8221; parallax_method_3=&#8221;on&#8221; parallax_4=&#8221;off&#8221; parallax_method_4=&#8221;on&#8221; admin_label=&#8221;Zeile&#8221; custom_margin_tablet=&#8221;0px|||&#8221; custom_margin_last_edited=&#8221;on|tablet&#8221; disabled=&#8221;off&#8221;][et_pb_column type=&#8221;4_4&#8243; disabled=&#8221;off&#8221; parallax=&#8221;off&#8221; parallax_method=&#8221;on&#8221; column_padding_mobile=&#8221;on&#8221;][et_pb_text background_layout=&#8221;light&#8221; text_orientation=&#8221;left&#8221; admin_label=&#8221;Text&#8221; text_text_color=&#8221;#ffffff&#8221; background_color=&#8221;#20989c&#8221; use_border_color=&#8221;off&#8221; border_style=&#8221;solid&#8221; custom_margin=&#8221;||5px|&#8221; custom_margin_tablet=&#8221;0px|||&#8221; custom_margin_last_edited=&#8221;on|tablet&#8221; custom_padding=&#8221;10px|20px|10px|20px&#8221; disabled=&#8221;off&#8221;]<\/p>\n<p><strong>Direct Print with Coditherm and Swing<\/strong><\/p>\n<p>CODITERM is an electronic (Digital) thermal transfer printer for automatic and direct marking of objects made of stiff material or with uneven, porous surfaces. To-date, in all these cases, it has not been possible to print directly on the product with electronic thermal transfer print heads. <\/p>\n<p>Swing is an electronic thermal transfer printer able to print directly and automatically on the plastic or paper film used on packaging machines orindividual packs. It is used to encode with text, barcodes and logos that can be easily changed, the various production lots with extreme flexibility and high print quality and speed.<\/p>\n<p>The Electronic Unit has a 5.7\u2033 graphic colour display with \u201ctouch screen\u201d, to allow viewing of the text which is printing and makes setting the parameters easier and more intuitive.<\/p>\n<p>[\/et_pb_text][\/et_pb_column][\/et_pb_row][\/et_pb_section]<\/p>\n","protected":false},"excerpt":{"rendered":"<p>Coditherm Thermo-Transfer Printer for Carton boxes, Plastic bags, Electrical Components and Wood Swing Thermo-Transfer-Printer for Printing on Plastic or Paper Film used in packaging machines or individual packs. Direct Print with Coditherm and SwingCODITERM is an electronic (Digital) thermal transfer printer for automatic and direct marking of objects made of stiff material or with uneven, [&hellip;]<\/p>\n","protected":false},"author":2,"featured_media":0,"parent":8405,"menu_order":10,"comment_status":"closed","ping_status":"closed","template":"","meta":{"_et_pb_use_builder":"on","_et_pb_old_content":"<table style=\"width: 527px; height: 489px;\" border=\"0\"><tbody><tr><td colspan=\"6\" valign=\"top\"><table border=\"0\"><tbody><tr><td colspan=\"2\"><strong>Produkte in dieser Kategorie:<\/strong><\/td><\/tr><tr><td style=\"width: 250px;\"><a title=\"Coditherm\" href=\"https:\/\/gruberebs.de\/produkte\/direktdruck\/coditherm\"><img src=\"https:\/\/gruberebs.de\/wp16\/wp-content\/uploads\/2013\/07\/teaser-coditherm.jpg\" alt=\"teaser-coditherm\" width=\"153\" height=\"110\" \/><\/a><\/td><td><a title=\"Swing\" href=\"https:\/\/gruberebs.de\/produkte\/direktdruck\/swing-2\"><img src=\"https:\/\/gruberebs.de\/wp16\/wp-content\/uploads\/2013\/07\/teaser-swing.jpg\" alt=\"teaser-swing\" width=\"153\" height=\"110\" \/><\/a><\/td><\/tr><tr><td valign=\"top\"><strong>Coditherm<\/strong><br \/><span style=\"font-size: xx-small;\">Thermo-Transfer-Direktdrucker f\u00fcr <\/span><br \/><span style=\"font-size: xx-small;\">Faltschachteln, Kunststoff- und Holzmaterialien<\/span><\/td><td valign=\"top\"><strong>Swing<\/strong><br \/><span style=\"font-size: xx-small;\">Thermo-Transfer-Direkt<\/span><span style=\"font-size: xx-small;\">drucker f\u00fcr die automatische Beschriftung von Folien- und Papierbahnen<\/span><\/td><\/tr><\/tbody><\/table><p>\u00a0<img class=\"alignnone size-full wp-image-2563\" src=\"https:\/\/gruberebs.de\/wp16\/wp-content\/uploads\/2013\/09\/knick2.jpg\" alt=\"knick2\" width=\"250\" height=\"200\" \/> \u00a0<img class=\"alignnone size-full wp-image-1693\" src=\"https:\/\/gruberebs.de\/wp16\/wp-content\/uploads\/2013\/08\/coditherm_eta_2.jpg\" alt=\"coditherm_eta_2\" width=\"250\" height=\"200\" \/>\u00a0<\/p><\/td><\/tr><tr><td colspan=\"6\" valign=\"top\">\u00a0<\/td><\/tr><tr><td valign=\"top\"><img class=\"alignnone size-full wp-image-1361\" src=\"https:\/\/gruberebs.de\/wp16\/wp-content\/uploads\/2013\/07\/direktdruck_2.jpg\" alt=\"direktdruck_2\" width=\"250\" height=\"200\" \/>\u00a0<\/td><td colspan=\"5\" align=\"right\" valign=\"top\"><img class=\" wp-image-3912 alignright\" style=\"text-align: start;\" src=\"https:\/\/gruberebs.de\/wp16\/wp-content\/uploads\/2014\/04\/Tees-300x201.jpg\" alt=\"Tees\" width=\"270\" height=\"181\" \/>\u00a0<\/td><\/tr><tr><td colspan=\"6\" valign=\"top\"><p><strong><img class=\"alignnone size-full wp-image-1282\" src=\"https:\/\/gruberebs.de\/wp16\/wp-content\/uploads\/2013\/06\/line_5202.jpg\" alt=\"\" width=\"520\" height=\"10\" \/><\/strong><\/p><\/td><\/tr><tr><td colspan=\"6\" valign=\"top\"><p><strong>Direktdruck mit Coditherm und Swing<\/strong><\/p><p>Der <strong>Coditherm<\/strong> ist ein elektronisches (digitales) Thermo-Transfer-Beschriftungssystem f\u00fcr die automatische und direkte Bedruckung von Objekten mit einer ungleichm\u00e4\u00dfigen, flexiblen oder leicht rauhen Oberfl\u00e4che.<\/p><p>Das <strong>Swing-Drucksystem<\/strong> garantiert extrem flexible, sehr hochwertige Kennzeichnung f\u00fcr die Beschriftung von kleinen Produktionslosen mit variablen Texten, Barcoden und Logos.<\/p><p>Die Installation ist sehr einfach als Ersatz von Heisspr\u00e4gern oder Rollkodierern durchzuf\u00fchren ohne die Verpackungs-maschine umzubauen.<\/p><p>Das interaktive Grafikdisplay vereinfacht die Dateneingabe und Kontrolle der aktuell gedruckten Beschriftungsinfor-mationen.<\/p><\/td><\/tr><tr><td colspan=\"6\" valign=\"top\"><p><strong><img class=\"alignnone size-full wp-image-1282\" src=\"https:\/\/gruberebs.de\/wp16\/wp-content\/uploads\/2013\/06\/line_5202.jpg\" alt=\"\" width=\"520\" height=\"10\" \/><\/strong><\/p><\/td><\/tr><\/tbody><\/table><p>\u00a0<\/p><p>\u00a0<\/p>","_et_gb_content_width":"","footnotes":""},"difl_page_category":[],"class_list":["post-8418","page","type-page","status-publish","hentry"],"yoast_head":"<!-- This site is optimized with the Yoast SEO plugin v27.3 - https:\/\/yoast.com\/product\/yoast-seo-wordpress\/ -->\n<title>Direktdruck &#8211; Gruber GmbH<\/title>\n<meta name=\"robots\" content=\"index, follow, max-snippet:-1, max-image-preview:large, max-video-preview:-1\" \/>\n<link rel=\"canonical\" href=\"https:\/\/gruberebs.de\/produkte\/direktdruck\/?lang=en\" \/>\n<meta property=\"og:locale\" content=\"en_US\" \/>\n<meta property=\"og:type\" content=\"article\" \/>\n<meta property=\"og:title\" content=\"Direktdruck &#8211; Gruber GmbH\" \/>\n<meta property=\"og:description\" content=\"Coditherm Thermo-Transfer Printer for Carton boxes, Plastic bags, Electrical Components and Wood Swing Thermo-Transfer-Printer for Printing on Plastic or Paper Film used in packaging machines or individual packs. Direct Print with Coditherm and SwingCODITERM is an electronic (Digital) thermal transfer printer for automatic and direct marking of objects made of stiff material or with uneven, [&hellip;]\" \/>\n<meta property=\"og:url\" content=\"https:\/\/gruberebs.de\/produkte\/direktdruck\/?lang=en\" \/>\n<meta property=\"og:site_name\" content=\"Gruber GmbH\" \/>\n<meta property=\"article:modified_time\" content=\"2016-12-02T14:32:02+00:00\" \/>\n<meta name=\"twitter:card\" content=\"summary_large_image\" \/>\n<meta name=\"twitter:label1\" content=\"Est. reading time\" \/>\n\t<meta name=\"twitter:data1\" content=\"6 minutes\" \/>\n<script type=\"application\/ld+json\" class=\"yoast-schema-graph\">{\"@context\":\"https:\\\/\\\/schema.org\",\"@graph\":[{\"@type\":\"WebPage\",\"@id\":\"https:\\\/\\\/gruberebs.de\\\/produkte\\\/direktdruck\\\/?lang=en\",\"url\":\"https:\\\/\\\/gruberebs.de\\\/produkte\\\/direktdruck\\\/?lang=en\",\"name\":\"Direktdruck &#8211; Gruber GmbH\",\"isPartOf\":{\"@id\":\"https:\\\/\\\/gruberebs.de\\\/#website\"},\"datePublished\":\"2016-12-02T11:37:42+00:00\",\"dateModified\":\"2016-12-02T14:32:02+00:00\",\"breadcrumb\":{\"@id\":\"https:\\\/\\\/gruberebs.de\\\/produkte\\\/direktdruck\\\/?lang=en#breadcrumb\"},\"inLanguage\":\"en-US\",\"potentialAction\":[{\"@type\":\"ReadAction\",\"target\":[\"https:\\\/\\\/gruberebs.de\\\/produkte\\\/direktdruck\\\/?lang=en\"]}]},{\"@type\":\"BreadcrumbList\",\"@id\":\"https:\\\/\\\/gruberebs.de\\\/produkte\\\/direktdruck\\\/?lang=en#breadcrumb\",\"itemListElement\":[{\"@type\":\"ListItem\",\"position\":1,\"name\":\"Startseite\",\"item\":\"https:\\\/\\\/gruberebs.de\\\/?lang=en\"},{\"@type\":\"ListItem\",\"position\":2,\"name\":\"Produkte\",\"item\":\"https:\\\/\\\/gruberebs.de\\\/produkte\\\/?lang=en\"},{\"@type\":\"ListItem\",\"position\":3,\"name\":\"Direktdruck\"}]},{\"@type\":\"WebSite\",\"@id\":\"https:\\\/\\\/gruberebs.de\\\/#website\",\"url\":\"https:\\\/\\\/gruberebs.de\\\/\",\"name\":\"Gruber GmbH\",\"description\":\"Die Profis f\u00fcr Etikettier-, Codier- und Druckl\u00f6sungen\",\"publisher\":{\"@id\":\"https:\\\/\\\/gruberebs.de\\\/#\\\/schema\\\/person\\\/8133811c0bd00dd421d5cefe800157d8\"},\"potentialAction\":[{\"@type\":\"SearchAction\",\"target\":{\"@type\":\"EntryPoint\",\"urlTemplate\":\"https:\\\/\\\/gruberebs.de\\\/?s={search_term_string}\"},\"query-input\":{\"@type\":\"PropertyValueSpecification\",\"valueRequired\":true,\"valueName\":\"search_term_string\"}}],\"inLanguage\":\"en-US\"},{\"@type\":[\"Person\",\"Organization\"],\"@id\":\"https:\\\/\\\/gruberebs.de\\\/#\\\/schema\\\/person\\\/8133811c0bd00dd421d5cefe800157d8\",\"name\":\"Frank Gruber\",\"image\":{\"@type\":\"ImageObject\",\"inLanguage\":\"en-US\",\"@id\":\"https:\\\/\\\/secure.gravatar.com\\\/avatar\\\/722e8ac7d054e918f8823780b222798c2b651a8808be0970739d13357f05acf5?s=96&d=mm&r=g\",\"url\":\"https:\\\/\\\/secure.gravatar.com\\\/avatar\\\/722e8ac7d054e918f8823780b222798c2b651a8808be0970739d13357f05acf5?s=96&d=mm&r=g\",\"contentUrl\":\"https:\\\/\\\/secure.gravatar.com\\\/avatar\\\/722e8ac7d054e918f8823780b222798c2b651a8808be0970739d13357f05acf5?s=96&d=mm&r=g\",\"caption\":\"Frank Gruber\"},\"logo\":{\"@id\":\"https:\\\/\\\/secure.gravatar.com\\\/avatar\\\/722e8ac7d054e918f8823780b222798c2b651a8808be0970739d13357f05acf5?s=96&d=mm&r=g\"},\"sameAs\":[\"http:\\\/\\\/www.gruberebs.de\"]}]}<\/script>\n<!-- \/ Yoast SEO plugin. -->","yoast_head_json":{"title":"Direktdruck &#8211; Gruber GmbH","robots":{"index":"index","follow":"follow","max-snippet":"max-snippet:-1","max-image-preview":"max-image-preview:large","max-video-preview":"max-video-preview:-1"},"canonical":"https:\/\/gruberebs.de\/produkte\/direktdruck\/?lang=en","og_locale":"en_US","og_type":"article","og_title":"Direktdruck &#8211; Gruber GmbH","og_description":"Coditherm Thermo-Transfer Printer for Carton boxes, Plastic bags, Electrical Components and Wood Swing Thermo-Transfer-Printer for Printing on Plastic or Paper Film used in packaging machines or individual packs. Direct Print with Coditherm and SwingCODITERM is an electronic (Digital) thermal transfer printer for automatic and direct marking of objects made of stiff material or with uneven, [&hellip;]","og_url":"https:\/\/gruberebs.de\/produkte\/direktdruck\/?lang=en","og_site_name":"Gruber GmbH","article_modified_time":"2016-12-02T14:32:02+00:00","twitter_card":"summary_large_image","twitter_misc":{"Est. reading time":"6 minutes"},"schema":{"@context":"https:\/\/schema.org","@graph":[{"@type":"WebPage","@id":"https:\/\/gruberebs.de\/produkte\/direktdruck\/?lang=en","url":"https:\/\/gruberebs.de\/produkte\/direktdruck\/?lang=en","name":"Direktdruck &#8211; Gruber GmbH","isPartOf":{"@id":"https:\/\/gruberebs.de\/#website"},"datePublished":"2016-12-02T11:37:42+00:00","dateModified":"2016-12-02T14:32:02+00:00","breadcrumb":{"@id":"https:\/\/gruberebs.de\/produkte\/direktdruck\/?lang=en#breadcrumb"},"inLanguage":"en-US","potentialAction":[{"@type":"ReadAction","target":["https:\/\/gruberebs.de\/produkte\/direktdruck\/?lang=en"]}]},{"@type":"BreadcrumbList","@id":"https:\/\/gruberebs.de\/produkte\/direktdruck\/?lang=en#breadcrumb","itemListElement":[{"@type":"ListItem","position":1,"name":"Startseite","item":"https:\/\/gruberebs.de\/?lang=en"},{"@type":"ListItem","position":2,"name":"Produkte","item":"https:\/\/gruberebs.de\/produkte\/?lang=en"},{"@type":"ListItem","position":3,"name":"Direktdruck"}]},{"@type":"WebSite","@id":"https:\/\/gruberebs.de\/#website","url":"https:\/\/gruberebs.de\/","name":"Gruber GmbH","description":"Die Profis f\u00fcr Etikettier-, Codier- und Druckl\u00f6sungen","publisher":{"@id":"https:\/\/gruberebs.de\/#\/schema\/person\/8133811c0bd00dd421d5cefe800157d8"},"potentialAction":[{"@type":"SearchAction","target":{"@type":"EntryPoint","urlTemplate":"https:\/\/gruberebs.de\/?s={search_term_string}"},"query-input":{"@type":"PropertyValueSpecification","valueRequired":true,"valueName":"search_term_string"}}],"inLanguage":"en-US"},{"@type":["Person","Organization"],"@id":"https:\/\/gruberebs.de\/#\/schema\/person\/8133811c0bd00dd421d5cefe800157d8","name":"Frank Gruber","image":{"@type":"ImageObject","inLanguage":"en-US","@id":"https:\/\/secure.gravatar.com\/avatar\/722e8ac7d054e918f8823780b222798c2b651a8808be0970739d13357f05acf5?s=96&d=mm&r=g","url":"https:\/\/secure.gravatar.com\/avatar\/722e8ac7d054e918f8823780b222798c2b651a8808be0970739d13357f05acf5?s=96&d=mm&r=g","contentUrl":"https:\/\/secure.gravatar.com\/avatar\/722e8ac7d054e918f8823780b222798c2b651a8808be0970739d13357f05acf5?s=96&d=mm&r=g","caption":"Frank Gruber"},"logo":{"@id":"https:\/\/secure.gravatar.com\/avatar\/722e8ac7d054e918f8823780b222798c2b651a8808be0970739d13357f05acf5?s=96&d=mm&r=g"},"sameAs":["http:\/\/www.gruberebs.de"]}]}},"_links":{"self":[{"href":"https:\/\/gruberebs.de\/en\/wp-json\/wp\/v2\/pages\/8418","targetHints":{"allow":["GET"]}}],"collection":[{"href":"https:\/\/gruberebs.de\/en\/wp-json\/wp\/v2\/pages"}],"about":[{"href":"https:\/\/gruberebs.de\/en\/wp-json\/wp\/v2\/types\/page"}],"author":[{"embeddable":true,"href":"https:\/\/gruberebs.de\/en\/wp-json\/wp\/v2\/users\/2"}],"replies":[{"embeddable":true,"href":"https:\/\/gruberebs.de\/en\/wp-json\/wp\/v2\/comments?post=8418"}],"version-history":[{"count":0,"href":"https:\/\/gruberebs.de\/en\/wp-json\/wp\/v2\/pages\/8418\/revisions"}],"up":[{"embeddable":true,"href":"https:\/\/gruberebs.de\/en\/wp-json\/wp\/v2\/pages\/8405"}],"wp:attachment":[{"href":"https:\/\/gruberebs.de\/en\/wp-json\/wp\/v2\/media?parent=8418"}],"wp:term":[{"taxonomy":"difl_page_category","embeddable":true,"href":"https:\/\/gruberebs.de\/en\/wp-json\/wp\/v2\/difl_page_category?post=8418"}],"curies":[{"name":"wp","href":"https:\/\/api.w.org\/{rel}","templated":true}]}}