{"id":8835,"date":"2017-01-11T10:23:43","date_gmt":"2017-01-11T09:23:43","guid":{"rendered":"http:\/\/gruberebs.de\/?page_id=8835&#038;lang=en"},"modified":"2017-01-11T10:38:19","modified_gmt":"2017-01-11T09:38:19","slug":"impressum","status":"publish","type":"page","link":"https:\/\/gruberebs.de\/en\/impressum\/","title":{"rendered":"Impressum"},"content":{"rendered":"<p>[et_pb_section transparent_background=&#8221;off&#8221; background_color=&#8221;rgba(255,255,255,0)&#8221; allow_player_pause=&#8221;off&#8221; inner_shadow=&#8221;off&#8221; parallax=&#8221;off&#8221; parallax_method=&#8221;on&#8221; padding_mobile=&#8221;off&#8221; make_fullwidth=&#8221;off&#8221; use_custom_width=&#8221;off&#8221; width_unit=&#8221;off&#8221; custom_width_px=&#8221;1080px&#8221; custom_width_percent=&#8221;80%&#8221; make_equal=&#8221;off&#8221; use_custom_gutter=&#8221;off&#8221; fullwidth=&#8221;on&#8221; specialty=&#8221;off&#8221; admin_label=&#8221;Sektion&#8221; disabled=&#8221;off&#8221;][et_pb_fullwidth_slider show_arrows=&#8221;on&#8221; show_pagination=&#8221;on&#8221; auto=&#8221;off&#8221; auto_speed=&#8221;7000&#8243; auto_ignore_hover=&#8221;off&#8221; parallax=&#8221;off&#8221; parallax_method=&#8221;off&#8221; remove_inner_shadow=&#8221;off&#8221; background_position=&#8221;default&#8221; background_size=&#8221;default&#8221; hide_content_on_mobile=&#8221;off&#8221; hide_cta_on_mobile=&#8221;off&#8221; show_image_video_mobile=&#8221;off&#8221; admin_label=&#8221;Vollbreiter Slider&#8221; custom_button=&#8221;off&#8221; button_text_size=&#8221;20&#8243; button_letter_spacing=&#8221;0&#8243; button_use_icon=&#8221;default&#8221; button_icon_placement=&#8221;right&#8221; button_on_hover=&#8221;on&#8221; button_letter_spacing_hover=&#8221;0&#8243; disabled=&#8221;off&#8221;][et_pb_slide button_link=&#8221;#&#8221; background_image=&#8221;https:\/\/gruberebs.de\/wp16\/wp-content\/uploads\/2013\/05\/Swing_Slider.jpg&#8221; background_position=&#8221;default&#8221; background_size=&#8221;default&#8221; background_color=&#8221;#ffffff&#8221; use_bg_overlay=&#8221;off&#8221; use_text_overlay=&#8221;off&#8221; alignment=&#8221;center&#8221; background_layout=&#8221;dark&#8221; allow_player_pause=&#8221;off&#8221; text_border_radius=&#8221;3&#8243; header_font=&#8221;||||&#8221; body_font=&#8221;||||&#8221; custom_button=&#8221;off&#8221; button_font=&#8221;||||&#8221; button_use_icon=&#8221;default&#8221; button_icon_placement=&#8221;right&#8221; button_on_hover=&#8221;on&#8221; disabled=&#8221;off&#8221;] [\/et_pb_slide][et_pb_slide button_link=&#8221;#&#8221; background_image=&#8221;https:\/\/gruberebs.de\/wp16\/wp-content\/uploads\/2013\/06\/Slider2_Bild-2.jpg&#8221; background_position=&#8221;default&#8221; background_size=&#8221;default&#8221; background_color=&#8221;#ffffff&#8221; use_bg_overlay=&#8221;off&#8221; use_text_overlay=&#8221;off&#8221; alignment=&#8221;center&#8221; background_layout=&#8221;dark&#8221; allow_player_pause=&#8221;off&#8221; text_border_radius=&#8221;3&#8243; header_font=&#8221;||||&#8221; body_font=&#8221;||||&#8221; custom_button=&#8221;off&#8221; button_font=&#8221;||||&#8221; button_use_icon=&#8221;default&#8221; button_icon_placement=&#8221;right&#8221; button_on_hover=&#8221;on&#8221; disabled=&#8221;off&#8221;] [\/et_pb_slide][\/et_pb_fullwidth_slider][\/et_pb_section][et_pb_section transparent_background=&#8221;off&#8221; background_color=&#8221;rgba(255,255,255,0)&#8221; allow_player_pause=&#8221;off&#8221; inner_shadow=&#8221;off&#8221; parallax=&#8221;off&#8221; parallax_method=&#8221;on&#8221; custom_padding=&#8221;||0px|&#8221; padding_mobile=&#8221;off&#8221; make_fullwidth=&#8221;off&#8221; use_custom_width=&#8221;off&#8221; width_unit=&#8221;off&#8221; custom_width_px=&#8221;1080px&#8221; custom_width_percent=&#8221;80%&#8221; make_equal=&#8221;off&#8221; use_custom_gutter=&#8221;off&#8221; fullwidth=&#8221;on&#8221; specialty=&#8221;off&#8221; admin_label=&#8221;section&#8221; disabled=&#8221;off&#8221;][et_pb_fullwidth_header title=&#8221;IMPRESSUM&#8221; background_layout=&#8221;light&#8221; text_orientation=&#8221;center&#8221; header_fullscreen=&#8221;off&#8221; header_scroll_down=&#8221;off&#8221; scroll_down_icon=&#8221;%%3%%&#8221; title_font_color=&#8221;#24989a&#8221; subhead_font_color=&#8221;#000000&#8243; parallax=&#8221;off&#8221; parallax_method=&#8221;off&#8221; content_orientation=&#8221;center&#8221; image_orientation=&#8221;center&#8221; admin_label=&#8221;Vollbreite Kopfzeile&#8221; title_font_size=&#8221;42px&#8221; subhead_font_size=&#8221;20px&#8221; content_font_size=&#8221;14px&#8221; custom_button_one=&#8221;off&#8221; button_one_text_size=&#8221;20&#8243; button_one_letter_spacing=&#8221;0&#8243; button_one_use_icon=&#8221;on&#8221; button_one_icon_placement=&#8221;right&#8221; button_one_on_hover=&#8221;on&#8221; button_one_letter_spacing_hover=&#8221;0&#8243; custom_button_two=&#8221;off&#8221; button_two_text_size=&#8221;20&#8243; button_two_letter_spacing=&#8221;0&#8243; button_two_use_icon=&#8221;on&#8221; button_two_icon_placement=&#8221;right&#8221; button_two_on_hover=&#8221;on&#8221; button_two_letter_spacing_hover=&#8221;0&#8243; disabled=&#8221;off&#8221;] [\/et_pb_fullwidth_header][\/et_pb_section][et_pb_section transparent_background=&#8221;off&#8221; background_color=&#8221;rgba(0,0,0,0)&#8221; allow_player_pause=&#8221;off&#8221; inner_shadow=&#8221;off&#8221; parallax=&#8221;off&#8221; parallax_method=&#8221;on&#8221; custom_padding=&#8221;0px|||&#8221; padding_mobile=&#8221;off&#8221; make_fullwidth=&#8221;off&#8221; use_custom_width=&#8221;off&#8221; width_unit=&#8221;off&#8221; custom_width_px=&#8221;1080px&#8221; custom_width_percent=&#8221;80%&#8221; make_equal=&#8221;off&#8221; use_custom_gutter=&#8221;off&#8221; fullwidth=&#8221;off&#8221; specialty=&#8221;off&#8221; admin_label=&#8221;Sektion&#8221; disabled=&#8221;off&#8221;][et_pb_row make_fullwidth=&#8221;off&#8221; use_custom_width=&#8221;off&#8221; width_unit=&#8221;off&#8221; custom_width_px=&#8221;1080px&#8221; custom_width_percent=&#8221;80%&#8221; use_custom_gutter=&#8221;off&#8221; gutter_width=&#8221;3&#8243; custom_padding=&#8221;0px|||&#8221; padding_mobile=&#8221;off&#8221; allow_player_pause=&#8221;off&#8221; parallax=&#8221;off&#8221; parallax_method=&#8221;on&#8221; make_equal=&#8221;off&#8221; column_padding_mobile=&#8221;on&#8221; parallax_1=&#8221;off&#8221; parallax_method_1=&#8221;on&#8221; parallax_2=&#8221;off&#8221; parallax_method_2=&#8221;on&#8221; parallax_3=&#8221;off&#8221; parallax_method_3=&#8221;on&#8221; parallax_4=&#8221;off&#8221; parallax_method_4=&#8221;on&#8221; admin_label=&#8221;Zeile&#8221; disabled=&#8221;off&#8221;][et_pb_column type=&#8221;4_4&#8243; disabled=&#8221;off&#8221; parallax=&#8221;off&#8221; parallax_method=&#8221;on&#8221; column_padding_mobile=&#8221;on&#8221;][et_pb_text background_layout=&#8221;light&#8221; text_orientation=&#8221;left&#8221; admin_label=&#8221;Text&#8221; text_text_color=&#8221;#ffffff&#8221; background_color=&#8221;#24989a&#8221; use_border_color=&#8221;off&#8221; border_style=&#8221;solid&#8221; custom_margin=&#8221;||0px|&#8221; custom_padding=&#8221;20px|30px|20px|23px&#8221; disabled=&#8221;off&#8221;]<\/p>\n<p><strong>Verantwortlich f\u00fcr den Inhalt:<\/strong><br \/>\nGruber GmbH<br \/>\nRudolf-Diesel-Str. 11<br \/>\n86508 Rehling<br \/>\nTel.: 08237-9627-0<br \/>\nFax: 08237-9627-20<br \/>\nE-Mail: info@gruberebs.de<br \/>\nGesetzlicher Vertreter:<br \/>\nDipl. Kfm. Frank Gruber (Gesch\u00e4ftsf\u00fchrer)<br \/>\nHandelsregistereintrag:<br \/>\nAmtsgericht Augsburg HRB 15736<br \/>\nUst.-Id Nr.: DE185715202<\/p>\n<\/p>\n<p><strong>Haftungshinweis:<\/strong><br \/>\nTrotz sorgf\u00e4ltiger inhaltlicher Kontrolle \u00fcbernehmen wir keine Haftung f\u00fcr die Inhalte externer Links. F\u00fcr den Inhalt der verlinkten Seiten sind ausschlie\u00dflich deren Betreiber verantwortlich. Auf einigen unserer Seiten verwenden wir Bildmaterial der jeweiligen Hersteller.<br \/>\nAlle Markennamen sind urheberrechtlich und markenrechtlich gesch\u00fctzt und lediglich Bestandteil der Artikelbeschreibung.\n<\/p>\n<p><strong>Google Analytics<\/strong><br \/>\nDiese Website benutzt Google Analytics, einen Webanalysedienst der Google Inc. (\u201cGoogle\u201d). Auch Google Analytics verwendet Cookies. Die durch den Google-Cookie erzeugten Informationen \u00fcber Ihre Benutzung dieser Website werden an einen Server von Google in den USA \u00fcbertragen und dort gespeichert.<br \/>\nGoogle wird diese Informationen benutzen, um Ihre Nutzung der Website f\u00fcr uns auszuwerten, um Reports \u00fcber die Website-Aktivit\u00e4ten f\u00fcr uns zusammenzustellen und um weitere mit der Website-Nutzung und der Internet-Nutzung verbundene Dienstleistungen zu erbringen. Auch wird Google diese Informationen ggf. an Dritte \u00fcbertragen, sofern dies gesetzlich vorgeschrieben ist oder soweit Dritte diese Daten im Auftrag von Google verarbeiten.<br \/>\nDurch die Nutzung dieser Website erkl\u00e4ren Sie sich mit der Bearbeitung der \u00fcber Sie erhobenen Daten durch Google in der zuvor beschriebenen Art und Weise und zu dem zuvor benannten Zweck einverstanden.<\/p>\n<p>[\/et_pb_text][\/et_pb_column][\/et_pb_row][\/et_pb_section]<\/p>\n","protected":false},"excerpt":{"rendered":"<p>Verantwortlich f\u00fcr den Inhalt: Gruber GmbH Rudolf-Diesel-Str. 11 86508 Rehling Tel.: 08237-9627-0 Fax: 08237-9627-20 E-Mail: info@gruberebs.de Gesetzlicher Vertreter: Dipl. Kfm. Frank Gruber (Gesch\u00e4ftsf\u00fchrer) Handelsregistereintrag: Amtsgericht Augsburg HRB 15736 Ust.-Id Nr.: DE185715202 Haftungshinweis: Trotz sorgf\u00e4ltiger inhaltlicher Kontrolle \u00fcbernehmen wir keine Haftung f\u00fcr die Inhalte externer Links. F\u00fcr den Inhalt der verlinkten Seiten sind ausschlie\u00dflich deren Betreiber [&hellip;]<\/p>\n","protected":false},"author":2,"featured_media":0,"parent":0,"menu_order":0,"comment_status":"closed","ping_status":"closed","template":"","meta":{"_et_pb_use_builder":"on","_et_pb_old_content":null,"_et_gb_content_width":"","footnotes":""},"difl_page_category":[],"class_list":["post-8835","page","type-page","status-publish","hentry"],"yoast_head":"<!-- This site is optimized with the Yoast SEO plugin v27.4 - https:\/\/yoast.com\/product\/yoast-seo-wordpress\/ -->\n<title>Impressum &#8211; Gruber GmbH<\/title>\n<meta name=\"robots\" content=\"noindex, follow\" \/>\n<meta property=\"og:locale\" content=\"en_US\" \/>\n<meta property=\"og:type\" content=\"article\" \/>\n<meta property=\"og:title\" content=\"Impressum &#8211; Gruber GmbH\" \/>\n<meta property=\"og:description\" content=\"Verantwortlich f\u00fcr den Inhalt: Gruber GmbH Rudolf-Diesel-Str. 11 86508 Rehling Tel.: 08237-9627-0 Fax: 08237-9627-20 E-Mail: info@gruberebs.de Gesetzlicher Vertreter: Dipl. Kfm. Frank Gruber (Gesch\u00e4ftsf\u00fchrer) Handelsregistereintrag: Amtsgericht Augsburg HRB 15736 Ust.-Id Nr.: DE185715202 Haftungshinweis: Trotz sorgf\u00e4ltiger inhaltlicher Kontrolle \u00fcbernehmen wir keine Haftung f\u00fcr die Inhalte externer Links. F\u00fcr den Inhalt der verlinkten Seiten sind ausschlie\u00dflich deren Betreiber [&hellip;]\" \/>\n<meta property=\"og:url\" content=\"https:\/\/gruberebs.de\/impressum\/?lang=en\" \/>\n<meta property=\"og:site_name\" content=\"Gruber GmbH\" \/>\n<meta property=\"article:modified_time\" content=\"2017-01-11T09:38:19+00:00\" \/>\n<meta name=\"twitter:card\" content=\"summary_large_image\" \/>\n<meta name=\"twitter:label1\" content=\"Est. reading time\" \/>\n\t<meta name=\"twitter:data1\" content=\"4 minutes\" \/>\n<script type=\"application\/ld+json\" class=\"yoast-schema-graph\">{\"@context\":\"https:\\\/\\\/schema.org\",\"@graph\":[{\"@type\":\"WebPage\",\"@id\":\"https:\\\/\\\/gruberebs.de\\\/impressum\\\/?lang=en\",\"url\":\"https:\\\/\\\/gruberebs.de\\\/impressum\\\/?lang=en\",\"name\":\"Impressum &#8211; Gruber GmbH\",\"isPartOf\":{\"@id\":\"https:\\\/\\\/gruberebs.de\\\/#website\"},\"datePublished\":\"2017-01-11T09:23:43+00:00\",\"dateModified\":\"2017-01-11T09:38:19+00:00\",\"breadcrumb\":{\"@id\":\"https:\\\/\\\/gruberebs.de\\\/impressum\\\/?lang=en#breadcrumb\"},\"inLanguage\":\"en-US\",\"potentialAction\":[{\"@type\":\"ReadAction\",\"target\":[\"https:\\\/\\\/gruberebs.de\\\/impressum\\\/?lang=en\"]}]},{\"@type\":\"BreadcrumbList\",\"@id\":\"https:\\\/\\\/gruberebs.de\\\/impressum\\\/?lang=en#breadcrumb\",\"itemListElement\":[{\"@type\":\"ListItem\",\"position\":1,\"name\":\"Startseite\",\"item\":\"https:\\\/\\\/gruberebs.de\\\/?lang=en\"},{\"@type\":\"ListItem\",\"position\":2,\"name\":\"Impressum\"}]},{\"@type\":\"WebSite\",\"@id\":\"https:\\\/\\\/gruberebs.de\\\/#website\",\"url\":\"https:\\\/\\\/gruberebs.de\\\/\",\"name\":\"Gruber GmbH\",\"description\":\"Die Profis f\u00fcr Etikettier-, Codier- und Druckl\u00f6sungen\",\"publisher\":{\"@id\":\"https:\\\/\\\/gruberebs.de\\\/#\\\/schema\\\/person\\\/8133811c0bd00dd421d5cefe800157d8\"},\"potentialAction\":[{\"@type\":\"SearchAction\",\"target\":{\"@type\":\"EntryPoint\",\"urlTemplate\":\"https:\\\/\\\/gruberebs.de\\\/?s={search_term_string}\"},\"query-input\":{\"@type\":\"PropertyValueSpecification\",\"valueRequired\":true,\"valueName\":\"search_term_string\"}}],\"inLanguage\":\"en-US\"},{\"@type\":[\"Person\",\"Organization\"],\"@id\":\"https:\\\/\\\/gruberebs.de\\\/#\\\/schema\\\/person\\\/8133811c0bd00dd421d5cefe800157d8\",\"name\":\"Frank Gruber\",\"image\":{\"@type\":\"ImageObject\",\"inLanguage\":\"en-US\",\"@id\":\"https:\\\/\\\/secure.gravatar.com\\\/avatar\\\/722e8ac7d054e918f8823780b222798c2b651a8808be0970739d13357f05acf5?s=96&d=mm&r=g\",\"url\":\"https:\\\/\\\/secure.gravatar.com\\\/avatar\\\/722e8ac7d054e918f8823780b222798c2b651a8808be0970739d13357f05acf5?s=96&d=mm&r=g\",\"contentUrl\":\"https:\\\/\\\/secure.gravatar.com\\\/avatar\\\/722e8ac7d054e918f8823780b222798c2b651a8808be0970739d13357f05acf5?s=96&d=mm&r=g\",\"caption\":\"Frank Gruber\"},\"logo\":{\"@id\":\"https:\\\/\\\/secure.gravatar.com\\\/avatar\\\/722e8ac7d054e918f8823780b222798c2b651a8808be0970739d13357f05acf5?s=96&d=mm&r=g\"},\"sameAs\":[\"http:\\\/\\\/www.gruberebs.de\"]}]}<\/script>\n<!-- \/ Yoast SEO plugin. -->","yoast_head_json":{"title":"Impressum &#8211; Gruber GmbH","robots":{"index":"noindex","follow":"follow"},"og_locale":"en_US","og_type":"article","og_title":"Impressum &#8211; Gruber GmbH","og_description":"Verantwortlich f\u00fcr den Inhalt: Gruber GmbH Rudolf-Diesel-Str. 11 86508 Rehling Tel.: 08237-9627-0 Fax: 08237-9627-20 E-Mail: info@gruberebs.de Gesetzlicher Vertreter: Dipl. Kfm. Frank Gruber (Gesch\u00e4ftsf\u00fchrer) Handelsregistereintrag: Amtsgericht Augsburg HRB 15736 Ust.-Id Nr.: DE185715202 Haftungshinweis: Trotz sorgf\u00e4ltiger inhaltlicher Kontrolle \u00fcbernehmen wir keine Haftung f\u00fcr die Inhalte externer Links. F\u00fcr den Inhalt der verlinkten Seiten sind ausschlie\u00dflich deren Betreiber [&hellip;]","og_url":"https:\/\/gruberebs.de\/impressum\/?lang=en","og_site_name":"Gruber GmbH","article_modified_time":"2017-01-11T09:38:19+00:00","twitter_card":"summary_large_image","twitter_misc":{"Est. reading time":"4 minutes"},"schema":{"@context":"https:\/\/schema.org","@graph":[{"@type":"WebPage","@id":"https:\/\/gruberebs.de\/impressum\/?lang=en","url":"https:\/\/gruberebs.de\/impressum\/?lang=en","name":"Impressum &#8211; Gruber GmbH","isPartOf":{"@id":"https:\/\/gruberebs.de\/#website"},"datePublished":"2017-01-11T09:23:43+00:00","dateModified":"2017-01-11T09:38:19+00:00","breadcrumb":{"@id":"https:\/\/gruberebs.de\/impressum\/?lang=en#breadcrumb"},"inLanguage":"en-US","potentialAction":[{"@type":"ReadAction","target":["https:\/\/gruberebs.de\/impressum\/?lang=en"]}]},{"@type":"BreadcrumbList","@id":"https:\/\/gruberebs.de\/impressum\/?lang=en#breadcrumb","itemListElement":[{"@type":"ListItem","position":1,"name":"Startseite","item":"https:\/\/gruberebs.de\/?lang=en"},{"@type":"ListItem","position":2,"name":"Impressum"}]},{"@type":"WebSite","@id":"https:\/\/gruberebs.de\/#website","url":"https:\/\/gruberebs.de\/","name":"Gruber GmbH","description":"Die Profis f\u00fcr Etikettier-, Codier- und Druckl\u00f6sungen","publisher":{"@id":"https:\/\/gruberebs.de\/#\/schema\/person\/8133811c0bd00dd421d5cefe800157d8"},"potentialAction":[{"@type":"SearchAction","target":{"@type":"EntryPoint","urlTemplate":"https:\/\/gruberebs.de\/?s={search_term_string}"},"query-input":{"@type":"PropertyValueSpecification","valueRequired":true,"valueName":"search_term_string"}}],"inLanguage":"en-US"},{"@type":["Person","Organization"],"@id":"https:\/\/gruberebs.de\/#\/schema\/person\/8133811c0bd00dd421d5cefe800157d8","name":"Frank Gruber","image":{"@type":"ImageObject","inLanguage":"en-US","@id":"https:\/\/secure.gravatar.com\/avatar\/722e8ac7d054e918f8823780b222798c2b651a8808be0970739d13357f05acf5?s=96&d=mm&r=g","url":"https:\/\/secure.gravatar.com\/avatar\/722e8ac7d054e918f8823780b222798c2b651a8808be0970739d13357f05acf5?s=96&d=mm&r=g","contentUrl":"https:\/\/secure.gravatar.com\/avatar\/722e8ac7d054e918f8823780b222798c2b651a8808be0970739d13357f05acf5?s=96&d=mm&r=g","caption":"Frank Gruber"},"logo":{"@id":"https:\/\/secure.gravatar.com\/avatar\/722e8ac7d054e918f8823780b222798c2b651a8808be0970739d13357f05acf5?s=96&d=mm&r=g"},"sameAs":["http:\/\/www.gruberebs.de"]}]}},"_links":{"self":[{"href":"https:\/\/gruberebs.de\/en\/wp-json\/wp\/v2\/pages\/8835","targetHints":{"allow":["GET"]}}],"collection":[{"href":"https:\/\/gruberebs.de\/en\/wp-json\/wp\/v2\/pages"}],"about":[{"href":"https:\/\/gruberebs.de\/en\/wp-json\/wp\/v2\/types\/page"}],"author":[{"embeddable":true,"href":"https:\/\/gruberebs.de\/en\/wp-json\/wp\/v2\/users\/2"}],"replies":[{"embeddable":true,"href":"https:\/\/gruberebs.de\/en\/wp-json\/wp\/v2\/comments?post=8835"}],"version-history":[{"count":1,"href":"https:\/\/gruberebs.de\/en\/wp-json\/wp\/v2\/pages\/8835\/revisions"}],"predecessor-version":[{"id":9339,"href":"https:\/\/gruberebs.de\/en\/wp-json\/wp\/v2\/pages\/8835\/revisions\/9339"}],"wp:attachment":[{"href":"https:\/\/gruberebs.de\/en\/wp-json\/wp\/v2\/media?parent=8835"}],"wp:term":[{"taxonomy":"difl_page_category","embeddable":true,"href":"https:\/\/gruberebs.de\/en\/wp-json\/wp\/v2\/difl_page_category?post=8835"}],"curies":[{"name":"wp","href":"https:\/\/api.w.org\/{rel}","templated":true}]}}