{"id":9307,"date":"2018-01-24T11:32:37","date_gmt":"2018-01-24T10:32:37","guid":{"rendered":"http:\/\/gruberebs.de\/?page_id=9307"},"modified":"2018-01-24T11:32:37","modified_gmt":"2018-01-24T10:32:37","slug":"v5-compact","status":"publish","type":"page","link":"https:\/\/gruberebs.de\/en\/v5-compact\/","title":{"rendered":"V5 Compact"},"content":{"rendered":"<p>[et_pb_section bb_built=&#8221;1&#8243; transparent_background=&#8221;off&#8221; allow_player_pause=&#8221;off&#8221; inner_shadow=&#8221;off&#8221; parallax=&#8221;off&#8221; parallax_method=&#8221;on&#8221; padding_mobile=&#8221;off&#8221; make_fullwidth=&#8221;off&#8221; use_custom_width=&#8221;off&#8221; width_unit=&#8221;off&#8221; custom_width_px=&#8221;1080px&#8221; custom_width_percent=&#8221;80%&#8221; make_equal=&#8221;off&#8221; use_custom_gutter=&#8221;off&#8221; fullwidth=&#8221;on&#8221; specialty=&#8221;off&#8221; disabled=&#8221;off&#8221; custom_padding_tablet=&#8221;50px|0|50px|0&#8243; custom_padding_last_edited=&#8221;on|desktop&#8221;][et_pb_fullwidth_slider show_arrows=&#8221;on&#8221; show_pagination=&#8221;on&#8221; auto=&#8221;off&#8221; auto_speed=&#8221;7000&#8243; auto_ignore_hover=&#8221;off&#8221; parallax=&#8221;off&#8221; parallax_method=&#8221;off&#8221; remove_inner_shadow=&#8221;off&#8221; background_position=&#8221;default&#8221; background_size=&#8221;default&#8221; hide_content_on_mobile=&#8221;off&#8221; hide_cta_on_mobile=&#8221;off&#8221; show_image_video_mobile=&#8221;off&#8221; custom_button=&#8221;off&#8221; button_letter_spacing=&#8221;0&#8243; button_use_icon=&#8221;default&#8221; button_icon_placement=&#8221;right&#8221; button_on_hover=&#8221;on&#8221; button_letter_spacing_hover=&#8221;0&#8243; disabled=&#8221;off&#8221; show_inner_shadow=&#8221;on&#8221; show_content_on_mobile=&#8221;on&#8221; show_cta_on_mobile=&#8221;on&#8221; custom_padding=&#8221;|||&#8221; custom_padding_tablet=&#8221;|||&#8221; custom_padding_phone=&#8221;|||&#8221;] [et_pb_slide button_link=&#8221;#&#8221; background_image=&#8221;https:\/\/gruberebs.de\/wp16\/wp-content\/uploads\/2013\/08\/Limitronic_Slider.jpg&#8221; background_position=&#8221;default&#8221; background_size=&#8221;default&#8221; background_color=&#8221;#ffffff&#8221; use_bg_overlay=&#8221;off&#8221; use_text_overlay=&#8221;off&#8221; alignment=&#8221;center&#8221; background_layout=&#8221;dark&#8221; allow_player_pause=&#8221;off&#8221; text_border_radius=&#8221;3&#8243; header_font=&#8221;||||&#8221; body_font=&#8221;||||&#8221; custom_button=&#8221;off&#8221; button_font=&#8221;||||&#8221; button_use_icon=&#8221;default&#8221; button_icon_placement=&#8221;right&#8221; button_on_hover=&#8221;on&#8221; disabled=&#8221;off&#8221; header_font_select=&#8221;default&#8221; body_font_select=&#8221;default&#8221; button_font_select=&#8221;default&#8221;] [\/et_pb_slide][et_pb_slide button_link=&#8221;#&#8221; background_image=&#8221;https:\/\/gruberebs.de\/wp16\/wp-content\/uploads\/2013\/08\/HP_InkJet_Slider.jpg&#8221; background_position=&#8221;default&#8221; background_size=&#8221;default&#8221; background_color=&#8221;#ffffff&#8221; use_bg_overlay=&#8221;off&#8221; use_text_overlay=&#8221;off&#8221; alignment=&#8221;center&#8221; background_layout=&#8221;dark&#8221; allow_player_pause=&#8221;off&#8221; text_border_radius=&#8221;3&#8243; header_font=&#8221;||||&#8221; body_font=&#8221;||||&#8221; custom_button=&#8221;off&#8221; button_font=&#8221;||||&#8221; button_use_icon=&#8221;default&#8221; button_icon_placement=&#8221;right&#8221; button_on_hover=&#8221;on&#8221; disabled=&#8221;off&#8221; header_font_select=&#8221;default&#8221; body_font_select=&#8221;default&#8221; button_font_select=&#8221;default&#8221;] [\/et_pb_slide] [\/et_pb_fullwidth_slider][\/et_pb_section][et_pb_section bb_built=&#8221;1&#8243; admin_label=&#8221;section&#8221; transparent_background=&#8221;off&#8221; allow_player_pause=&#8221;off&#8221; inner_shadow=&#8221;off&#8221; parallax=&#8221;off&#8221; parallax_method=&#8221;on&#8221; custom_padding=&#8221;||0px|&#8221; padding_mobile=&#8221;off&#8221; make_fullwidth=&#8221;off&#8221; use_custom_width=&#8221;off&#8221; width_unit=&#8221;off&#8221; custom_width_px=&#8221;1080px&#8221; custom_width_percent=&#8221;80%&#8221; make_equal=&#8221;off&#8221; use_custom_gutter=&#8221;off&#8221; fullwidth=&#8221;on&#8221; specialty=&#8221;off&#8221; disabled=&#8221;off&#8221; custom_padding_tablet=&#8221;50px|0|50px|0&#8243; custom_padding_last_edited=&#8221;on|desktop&#8221;][et_pb_fullwidth_header title=&#8221;LIMITAG V5 Compact&#8221; background_layout=&#8221;light&#8221; text_orientation=&#8221;center&#8221; header_fullscreen=&#8221;off&#8221; header_scroll_down=&#8221;off&#8221; scroll_down_icon=&#8221;%%3%%&#8221; title_font_color=&#8221;#24989a&#8221; subhead_font_color=&#8221;#000000&#8243; content_orientation=&#8221;center&#8221; image_orientation=&#8221;center&#8221; title_font_size=&#8221;42px&#8221; subhead_font_size=&#8221;20px&#8221; custom_button_one=&#8221;off&#8221; button_one_icon_placement=&#8221;right&#8221; custom_button_two=&#8221;off&#8221; button_two_icon_placement=&#8221;right&#8221; disabled=&#8221;off&#8221; title_text_color=&#8221;#24989a&#8221; subhead_text_color=&#8221;#000000&#8243; _builder_version=&#8221;3.0.89&#8243; max_width_tablet=&#8221;50px&#8221; \/][\/et_pb_section][et_pb_section bb_built=&#8221;1&#8243; transparent_background=&#8221;off&#8221; allow_player_pause=&#8221;off&#8221; inner_shadow=&#8221;off&#8221; parallax=&#8221;off&#8221; parallax_method=&#8221;on&#8221; custom_padding=&#8221;0px|||&#8221; padding_mobile=&#8221;on&#8221; make_fullwidth=&#8221;off&#8221; use_custom_width=&#8221;off&#8221; width_unit=&#8221;off&#8221; custom_width_px=&#8221;1080px&#8221; custom_width_percent=&#8221;80%&#8221; make_equal=&#8221;off&#8221; use_custom_gutter=&#8221;off&#8221; fullwidth=&#8221;off&#8221; specialty=&#8221;on&#8221; disabled=&#8221;off&#8221; custom_padding_tablet=&#8221;0px|||&#8221;][et_pb_column type=&#8221;3_4&#8243; specialty_columns=&#8221;3&#8243;][et_pb_row_inner custom_padding=&#8221;||0px|&#8221; padding_mobile=&#8221;off&#8221; use_custom_gutter=&#8221;off&#8221; make_equal=&#8221;off&#8221; column_padding_mobile=&#8221;off&#8221; parallax_1=&#8221;off&#8221; parallax_method_1=&#8221;on&#8221; parallax_2=&#8221;off&#8221; parallax_method_2=&#8221;on&#8221; parallax_3=&#8221;off&#8221; parallax_method_3=&#8221;on&#8221; custom_margin=&#8221;||0px|&#8221; custom_margin_tablet=&#8221;||0px|&#8221; custom_margin_last_edited=&#8221;on|tablet&#8221; disabled=&#8221;off&#8221;][et_pb_column_inner type=&#8221;1_2&#8243; saved_specialty_column_type=&#8221;3_4&#8243;][et_pb_image src=&#8221;https:\/\/gruberebs.de\/wp16\/wp-content\/uploads\/2018\/01\/Limitag_V5_Color_Bild_1.jpg&#8221; show_in_lightbox=&#8221;on&#8221; url_new_window=&#8221;off&#8221; use_overlay=&#8221;on&#8221; overlay_icon_color=&#8221;#20989c&#8221; hover_icon=&#8221;%%47%%&#8221; animation=&#8221;off&#8221; sticky=&#8221;off&#8221; align=&#8221;left&#8221; force_fullwidth=&#8221;on&#8221; always_center_on_mobile=&#8221;on&#8221; use_border_color=&#8221;on&#8221; border_color=&#8221;#24989a&#8221; border_width=&#8221;2px&#8221; border_style=&#8221;solid&#8221; disabled=&#8221;off&#8221; _builder_version=&#8221;3.0.89&#8243; show_bottom_space=&#8221;on&#8221; animation_direction=&#8221;off&#8221; border_color_all=&#8221;#24989a&#8221; border_width_all=&#8221;2px&#8221; border_style_all=&#8221;solid&#8221;]<\/p>\n<p>&nbsp;<\/p>\n<p>[\/et_pb_image][\/et_pb_column_inner][et_pb_column_inner type=&#8221;1_2&#8243; saved_specialty_column_type=&#8221;3_4&#8243;][et_pb_text background_layout=&#8221;light&#8221; text_text_color=&#8221;#ffffff&#8221; background_color=&#8221;#24989a&#8221; use_border_color=&#8221;off&#8221; border_style=&#8221;solid&#8221; custom_margin_tablet=&#8221;||0px|&#8221; custom_margin_phone=&#8221;||30px|&#8221; custom_margin_last_edited=&#8221;on|tablet&#8221; custom_padding=&#8221;20px|30px|20px|23px&#8221; disabled=&#8221;off&#8221; _builder_version=&#8221;3.0.89&#8243; border_style_all=&#8221;solid&#8221;]<\/p>\n<p><strong>Anwendungen:<\/strong><\/p>\n<p>Hochaufl\u00f6sender (180dpi), einfarbiger Druck auf saugenden (z. B. Karton, Papier, Styropor, Vlies, Schaumstoff und Holz) und nicht saugenden (z. B. Folie, Kunststoff, Metall und Lack) Substratoberfl\u00e4chen mit einer H\u00f6he von 70 mm bei einer Geschwindigkeit von max. 30 m\/min.<\/p>\n<p>[\/et_pb_text][\/et_pb_column_inner][\/et_pb_row_inner][et_pb_row_inner custom_padding=&#8221;||0px|&#8221; custom_padding_tablet=&#8221;0px|||&#8221; padding_mobile=&#8221;off&#8221; use_custom_gutter=&#8221;off&#8221; make_equal=&#8221;off&#8221; column_padding_mobile=&#8221;off&#8221; parallax_1=&#8221;off&#8221; parallax_method_1=&#8221;on&#8221; parallax_2=&#8221;off&#8221; parallax_method_2=&#8221;on&#8221; parallax_3=&#8221;off&#8221; parallax_method_3=&#8221;on&#8221; custom_margin=&#8221;||0px|&#8221; disabled=&#8221;off&#8221;][et_pb_column_inner type=&#8221;1_2&#8243; saved_specialty_column_type=&#8221;3_4&#8243;][et_pb_image src=&#8221;https:\/\/gruberebs.de\/wp16\/wp-content\/uploads\/2018\/01\/Limitag_V5_Color_Bild_2.jpg&#8221; show_in_lightbox=&#8221;on&#8221; url_new_window=&#8221;off&#8221; use_overlay=&#8221;on&#8221; overlay_icon_color=&#8221;#20989c&#8221; hover_icon=&#8221;%%47%%&#8221; animation=&#8221;off&#8221; sticky=&#8221;off&#8221; align=&#8221;left&#8221; force_fullwidth=&#8221;on&#8221; always_center_on_mobile=&#8221;on&#8221; use_border_color=&#8221;on&#8221; border_color=&#8221;#24989a&#8221; border_width=&#8221;2px&#8221; border_style=&#8221;solid&#8221; disabled=&#8221;off&#8221; _builder_version=&#8221;3.0.89&#8243; show_bottom_space=&#8221;on&#8221; border_color_all=&#8221;#24989a&#8221; border_width_all=&#8221;2px&#8221; animation_direction=&#8221;off&#8221; border_style_all=&#8221;solid&#8221;]<\/p>\n<p>&nbsp;<\/p>\n<p>[\/et_pb_image][\/et_pb_column_inner][et_pb_column_inner type=&#8221;1_2&#8243; saved_specialty_column_type=&#8221;3_4&#8243;][et_pb_text background_layout=&#8221;light&#8221; text_text_color=&#8221;#ffffff&#8221; background_color=&#8221;#24989a&#8221; use_border_color=&#8221;off&#8221; border_style=&#8221;solid&#8221; custom_padding=&#8221;20px|30px|20px|23px&#8221; disabled=&#8221;off&#8221; _builder_version=&#8221;3.0.89&#8243; border_style_all=&#8221;solid&#8221;]<\/p>\n<p><strong>Technische Daten:<\/strong><\/p>\n<ul>\n<li>Druckerausf\u00fchrung: UV LED oder \u00f6lbasierend<\/li>\n<li>Druck: einfarbig (monochrom) in Echtzeit<\/li>\n<li>Druckaufl\u00f6sung: 180 dpi (vertikal), horizontal 360 dpi m\u00f6glich<\/li>\n<li>Druckh\u00f6he: 70 mm<\/li>\n<li>Druckrichtung: seitlich<\/li>\n<li>Druckqualit\u00e4t: Barcodes Stufe \u201eA\u201c<\/li>\n<li>Druckgeschwindigkeit: 30 m\/min<\/li>\n<li>Druckdaten: Texte, Strichcodes, 2D Codes, Logos und Bilder<\/li>\n<li>Controller: Farbdisplay 7 \u201c, touchscreen; Anschluss von einem Druckkopf<\/li>\n<li>Schnittstellen: Ethernet, WiFi, USB, seriell<\/li>\n<li>Windows Druckertreiber<\/li>\n<li>Etikettendesignsoftware Limidraw<\/li>\n<li>Fernwartung<\/li>\n<li>Hohe Verf\u00fcgbarkeit; sehr wartungsarm<\/li>\n<li>Sehr einfache Installation und hohe Benutzerfreundlichkeit<\/li>\n<\/ul>\n<p>[\/et_pb_text][\/et_pb_column_inner][\/et_pb_row_inner][\/et_pb_column][et_pb_column type=&#8221;1_4&#8243;][et_pb_text background_layout=&#8221;light&#8221; disabled_on=&#8221;off|off|off&#8221; text_text_color=&#8221;#000000&#8243; use_border_color=&#8221;on&#8221; border_color=&#8221;#24989a&#8221; border_width=&#8221;2px&#8221; border_style=&#8221;solid&#8221; custom_margin=&#8221;0px|||&#8221; custom_margin_phone=&#8221;||30px|&#8221; custom_margin_last_edited=&#8221;on|phone&#8221; custom_padding=&#8221;13px||10px|15px&#8221; disabled=&#8221;off&#8221; saved_tabs=&#8221;all&#8221; border_color_all=&#8221;#24989a&#8221; border_width_all=&#8221;2px&#8221; module_alignment=&#8221;left&#8221; _builder_version=&#8221;3.0.89&#8243; border_style_all=&#8221;solid&#8221;]<\/p>\n<h4 style=\"text-align: left;\"><strong>Limitronic V5\/V6<\/strong><\/h4>\n<ul>\n<li><a href=\"https:\/\/gruberebs.de\/limitronic-v5\/\">V5<\/a>\n<ul>\n<li><a href=\"https:\/\/gruberebs.de\/limitag-v5-lite\/\">V5 Lite<\/a><\/li>\n<li><a href=\"https:\/\/gruberebs.de\/limitag-v5-mono\/\">V5 mono<\/a><\/li>\n<li><a href=\"https:\/\/gruberebs.de\/limitag-v5-cmyk\/\">V5 CMYK<\/a><\/li>\n<li><a href=\"https:\/\/gruberebs.de\/v5-compact\/\">V5 Compact<\/a><\/li>\n<\/ul>\n<\/li>\n<li><a href=\"https:\/\/gruberebs.de\/limitronic-v5\/\">V6<\/a>\n<ul>\n<li><a href=\"https:\/\/gruberebs.de\/limitag-v6-mono-ghs\/\">V6 mono + GHS<\/a><\/li>\n<li><a href=\"https:\/\/gruberebs.de\/limitag-v6-cmyk\/\">V6 CMYK<\/a><\/li>\n<li><a href=\"https:\/\/gruberebs.de\/limitag-v6-cmyk-duo\/\">V6 CMYK + autom. Seitenverstellung<\/a><\/li>\n<\/ul>\n<\/li>\n<li><a href=\"https:\/\/gruberebs.de\/limitronic-v5\/\">V7<\/a>\n<ul>\n<li><a href=\"https:\/\/gruberebs.de\/v7-weiss\/\">V7 wei\u00df<\/a><\/li>\n<\/ul>\n<\/li>\n<\/ul>\n<p>[\/et_pb_text][\/et_pb_column][\/et_pb_section]<\/p>\n","protected":false},"excerpt":{"rendered":"<p>&nbsp; Anwendungen: Hochaufl\u00f6sender (180dpi), einfarbiger Druck auf saugenden (z. B. Karton, Papier, Styropor, Vlies, Schaumstoff und Holz) und nicht saugenden (z. B. Folie, Kunststoff, Metall und Lack) Substratoberfl\u00e4chen mit einer H\u00f6he von 70 mm bei einer Geschwindigkeit von max. 30 m\/min. &nbsp; Technische Daten: Druckerausf\u00fchrung: UV LED oder \u00f6lbasierend Druck: einfarbig (monochrom) in Echtzeit Druckaufl\u00f6sung: [&hellip;]<\/p>\n","protected":false},"author":2,"featured_media":0,"parent":0,"menu_order":0,"comment_status":"closed","ping_status":"closed","template":"","meta":{"_et_pb_use_builder":"on","_et_pb_old_content":"","_et_gb_content_width":"","footnotes":""},"difl_page_category":[],"class_list":["post-9307","page","type-page","status-publish","hentry"],"yoast_head":"<!-- This site is optimized with the Yoast SEO plugin v27.4 - https:\/\/yoast.com\/product\/yoast-seo-wordpress\/ -->\n<title>V5 Compact &#8211; Gruber GmbH<\/title>\n<meta name=\"robots\" content=\"index, follow, max-snippet:-1, max-image-preview:large, max-video-preview:-1\" \/>\n<link rel=\"canonical\" href=\"https:\/\/gruberebs.de\/v5-compact\/?lang=en\" \/>\n<meta property=\"og:locale\" content=\"en_US\" \/>\n<meta property=\"og:type\" content=\"article\" \/>\n<meta property=\"og:title\" content=\"V5 Compact &#8211; Gruber GmbH\" \/>\n<meta property=\"og:description\" content=\"&nbsp; Anwendungen: Hochaufl\u00f6sender (180dpi), einfarbiger Druck auf saugenden (z. B. Karton, Papier, Styropor, Vlies, Schaumstoff und Holz) und nicht saugenden (z. B. Folie, Kunststoff, Metall und Lack) Substratoberfl\u00e4chen mit einer H\u00f6he von 70 mm bei einer Geschwindigkeit von max. 30 m\/min. &nbsp; Technische Daten: Druckerausf\u00fchrung: UV LED oder \u00f6lbasierend Druck: einfarbig (monochrom) in Echtzeit Druckaufl\u00f6sung: [&hellip;]\" \/>\n<meta property=\"og:url\" content=\"https:\/\/gruberebs.de\/v5-compact\/?lang=en\" \/>\n<meta property=\"og:site_name\" content=\"Gruber GmbH\" \/>\n<meta name=\"twitter:card\" content=\"summary_large_image\" \/>\n<meta name=\"twitter:label1\" content=\"Est. reading time\" \/>\n\t<meta name=\"twitter:data1\" content=\"6 minutes\" \/>\n<script type=\"application\/ld+json\" class=\"yoast-schema-graph\">{\"@context\":\"https:\\\/\\\/schema.org\",\"@graph\":[{\"@type\":\"WebPage\",\"@id\":\"https:\\\/\\\/gruberebs.de\\\/v5-compact\\\/?lang=en\",\"url\":\"https:\\\/\\\/gruberebs.de\\\/v5-compact\\\/?lang=en\",\"name\":\"V5 Compact &#8211; Gruber GmbH\",\"isPartOf\":{\"@id\":\"https:\\\/\\\/gruberebs.de\\\/#website\"},\"datePublished\":\"2018-01-24T10:32:37+00:00\",\"breadcrumb\":{\"@id\":\"https:\\\/\\\/gruberebs.de\\\/v5-compact\\\/?lang=en#breadcrumb\"},\"inLanguage\":\"en-US\",\"potentialAction\":[{\"@type\":\"ReadAction\",\"target\":[\"https:\\\/\\\/gruberebs.de\\\/v5-compact\\\/?lang=en\"]}]},{\"@type\":\"BreadcrumbList\",\"@id\":\"https:\\\/\\\/gruberebs.de\\\/v5-compact\\\/?lang=en#breadcrumb\",\"itemListElement\":[{\"@type\":\"ListItem\",\"position\":1,\"name\":\"Startseite\",\"item\":\"https:\\\/\\\/gruberebs.de\\\/?lang=en\"},{\"@type\":\"ListItem\",\"position\":2,\"name\":\"V5 Compact\"}]},{\"@type\":\"WebSite\",\"@id\":\"https:\\\/\\\/gruberebs.de\\\/#website\",\"url\":\"https:\\\/\\\/gruberebs.de\\\/\",\"name\":\"Gruber GmbH\",\"description\":\"Die Profis f\u00fcr Etikettier-, Codier- und Druckl\u00f6sungen\",\"publisher\":{\"@id\":\"https:\\\/\\\/gruberebs.de\\\/#\\\/schema\\\/person\\\/8133811c0bd00dd421d5cefe800157d8\"},\"potentialAction\":[{\"@type\":\"SearchAction\",\"target\":{\"@type\":\"EntryPoint\",\"urlTemplate\":\"https:\\\/\\\/gruberebs.de\\\/?s={search_term_string}\"},\"query-input\":{\"@type\":\"PropertyValueSpecification\",\"valueRequired\":true,\"valueName\":\"search_term_string\"}}],\"inLanguage\":\"en-US\"},{\"@type\":[\"Person\",\"Organization\"],\"@id\":\"https:\\\/\\\/gruberebs.de\\\/#\\\/schema\\\/person\\\/8133811c0bd00dd421d5cefe800157d8\",\"name\":\"Frank Gruber\",\"image\":{\"@type\":\"ImageObject\",\"inLanguage\":\"en-US\",\"@id\":\"https:\\\/\\\/secure.gravatar.com\\\/avatar\\\/722e8ac7d054e918f8823780b222798c2b651a8808be0970739d13357f05acf5?s=96&d=mm&r=g\",\"url\":\"https:\\\/\\\/secure.gravatar.com\\\/avatar\\\/722e8ac7d054e918f8823780b222798c2b651a8808be0970739d13357f05acf5?s=96&d=mm&r=g\",\"contentUrl\":\"https:\\\/\\\/secure.gravatar.com\\\/avatar\\\/722e8ac7d054e918f8823780b222798c2b651a8808be0970739d13357f05acf5?s=96&d=mm&r=g\",\"caption\":\"Frank Gruber\"},\"logo\":{\"@id\":\"https:\\\/\\\/secure.gravatar.com\\\/avatar\\\/722e8ac7d054e918f8823780b222798c2b651a8808be0970739d13357f05acf5?s=96&d=mm&r=g\"},\"sameAs\":[\"http:\\\/\\\/www.gruberebs.de\"]}]}<\/script>\n<!-- \/ Yoast SEO plugin. -->","yoast_head_json":{"title":"V5 Compact &#8211; Gruber GmbH","robots":{"index":"index","follow":"follow","max-snippet":"max-snippet:-1","max-image-preview":"max-image-preview:large","max-video-preview":"max-video-preview:-1"},"canonical":"https:\/\/gruberebs.de\/v5-compact\/?lang=en","og_locale":"en_US","og_type":"article","og_title":"V5 Compact &#8211; Gruber GmbH","og_description":"&nbsp; Anwendungen: Hochaufl\u00f6sender (180dpi), einfarbiger Druck auf saugenden (z. B. Karton, Papier, Styropor, Vlies, Schaumstoff und Holz) und nicht saugenden (z. B. Folie, Kunststoff, Metall und Lack) Substratoberfl\u00e4chen mit einer H\u00f6he von 70 mm bei einer Geschwindigkeit von max. 30 m\/min. &nbsp; Technische Daten: Druckerausf\u00fchrung: UV LED oder \u00f6lbasierend Druck: einfarbig (monochrom) in Echtzeit Druckaufl\u00f6sung: [&hellip;]","og_url":"https:\/\/gruberebs.de\/v5-compact\/?lang=en","og_site_name":"Gruber GmbH","twitter_card":"summary_large_image","twitter_misc":{"Est. reading time":"6 minutes"},"schema":{"@context":"https:\/\/schema.org","@graph":[{"@type":"WebPage","@id":"https:\/\/gruberebs.de\/v5-compact\/?lang=en","url":"https:\/\/gruberebs.de\/v5-compact\/?lang=en","name":"V5 Compact &#8211; Gruber GmbH","isPartOf":{"@id":"https:\/\/gruberebs.de\/#website"},"datePublished":"2018-01-24T10:32:37+00:00","breadcrumb":{"@id":"https:\/\/gruberebs.de\/v5-compact\/?lang=en#breadcrumb"},"inLanguage":"en-US","potentialAction":[{"@type":"ReadAction","target":["https:\/\/gruberebs.de\/v5-compact\/?lang=en"]}]},{"@type":"BreadcrumbList","@id":"https:\/\/gruberebs.de\/v5-compact\/?lang=en#breadcrumb","itemListElement":[{"@type":"ListItem","position":1,"name":"Startseite","item":"https:\/\/gruberebs.de\/?lang=en"},{"@type":"ListItem","position":2,"name":"V5 Compact"}]},{"@type":"WebSite","@id":"https:\/\/gruberebs.de\/#website","url":"https:\/\/gruberebs.de\/","name":"Gruber GmbH","description":"Die Profis f\u00fcr Etikettier-, Codier- und Druckl\u00f6sungen","publisher":{"@id":"https:\/\/gruberebs.de\/#\/schema\/person\/8133811c0bd00dd421d5cefe800157d8"},"potentialAction":[{"@type":"SearchAction","target":{"@type":"EntryPoint","urlTemplate":"https:\/\/gruberebs.de\/?s={search_term_string}"},"query-input":{"@type":"PropertyValueSpecification","valueRequired":true,"valueName":"search_term_string"}}],"inLanguage":"en-US"},{"@type":["Person","Organization"],"@id":"https:\/\/gruberebs.de\/#\/schema\/person\/8133811c0bd00dd421d5cefe800157d8","name":"Frank Gruber","image":{"@type":"ImageObject","inLanguage":"en-US","@id":"https:\/\/secure.gravatar.com\/avatar\/722e8ac7d054e918f8823780b222798c2b651a8808be0970739d13357f05acf5?s=96&d=mm&r=g","url":"https:\/\/secure.gravatar.com\/avatar\/722e8ac7d054e918f8823780b222798c2b651a8808be0970739d13357f05acf5?s=96&d=mm&r=g","contentUrl":"https:\/\/secure.gravatar.com\/avatar\/722e8ac7d054e918f8823780b222798c2b651a8808be0970739d13357f05acf5?s=96&d=mm&r=g","caption":"Frank Gruber"},"logo":{"@id":"https:\/\/secure.gravatar.com\/avatar\/722e8ac7d054e918f8823780b222798c2b651a8808be0970739d13357f05acf5?s=96&d=mm&r=g"},"sameAs":["http:\/\/www.gruberebs.de"]}]}},"_links":{"self":[{"href":"https:\/\/gruberebs.de\/en\/wp-json\/wp\/v2\/pages\/9307","targetHints":{"allow":["GET"]}}],"collection":[{"href":"https:\/\/gruberebs.de\/en\/wp-json\/wp\/v2\/pages"}],"about":[{"href":"https:\/\/gruberebs.de\/en\/wp-json\/wp\/v2\/types\/page"}],"author":[{"embeddable":true,"href":"https:\/\/gruberebs.de\/en\/wp-json\/wp\/v2\/users\/2"}],"replies":[{"embeddable":true,"href":"https:\/\/gruberebs.de\/en\/wp-json\/wp\/v2\/comments?post=9307"}],"version-history":[{"count":1,"href":"https:\/\/gruberebs.de\/en\/wp-json\/wp\/v2\/pages\/9307\/revisions"}],"predecessor-version":[{"id":9309,"href":"https:\/\/gruberebs.de\/en\/wp-json\/wp\/v2\/pages\/9307\/revisions\/9309"}],"wp:attachment":[{"href":"https:\/\/gruberebs.de\/en\/wp-json\/wp\/v2\/media?parent=9307"}],"wp:term":[{"taxonomy":"difl_page_category","embeddable":true,"href":"https:\/\/gruberebs.de\/en\/wp-json\/wp\/v2\/difl_page_category?post=9307"}],"curies":[{"name":"wp","href":"https:\/\/api.w.org\/{rel}","templated":true}]}}